{"id":12746,"date":"2025-03-04T15:03:22","date_gmt":"2025-03-04T15:03:22","guid":{"rendered":"https:\/\/auga.nl\/technology\/ueber-uns\/"},"modified":"2025-05-22T14:15:28","modified_gmt":"2025-05-22T14:15:28","slug":"ueber-uns","status":"publish","type":"page","link":"https:\/\/auga.nl\/technology\/de\/ueber-uns\/","title":{"rendered":"\u00dcber uns"},"content":{"rendered":"\n<p><strong>Seit \u00fcber 35 Jahren ist er Experte f\u00fcr die Verbesserung der Wasserqualit\u00e4t in der Industrie, in Kommunen, im \u00f6ffentlichen Dienst und im Freizeitbereich f\u00fcr Umweltsanierung, Wiederverwendung und Wassermanagement.<\/strong><\/p>\n\n<p>Mit unserer langj\u00e4hrigen Erfahrung bieten wir die bestm\u00f6glichen L\u00f6sungen zur Wiederherstellung und Optimierung der Wasserqualit\u00e4t, als Beitrag f\u00fcr Mensch und Umwelt und zur Effizienzsteigerung von Gesch\u00e4ftsprozessen.  <\/p>\n\n<p>Unsere Anlagen arbeiten mit unkomplizierter Technik \u00e4u\u00dferst effizient.<\/p>\n\n<p>Unsere Technologie tr\u00e4gt dazu bei, dass Wasser verf\u00fcgbar ist, gesch\u00fctzt und wiederverwendet und nicht verschwendet wird.<\/p>\n\n<div style=\"height:33px\" aria-hidden=\"true\" class=\"wp-block-spacer\"><\/div>\n\n<figure class=\"wp-block-image size-large\"><img fetchpriority=\"high\" decoding=\"async\" width=\"1024\" height=\"534\" src=\"https:\/\/auga.nl\/technology\/wp-content\/uploads\/sites\/2\/2025\/03\/002-AUGA-Pand-2021--1024x534.jpg\" alt=\"\" class=\"wp-image-1339\" srcset=\"https:\/\/auga.nl\/technology\/wp-content\/uploads\/sites\/2\/2025\/03\/002-AUGA-Pand-2021--1024x534.jpg 1024w, https:\/\/auga.nl\/technology\/wp-content\/uploads\/sites\/2\/2025\/03\/002-AUGA-Pand-2021--300x157.jpg 300w, https:\/\/auga.nl\/technology\/wp-content\/uploads\/sites\/2\/2025\/03\/002-AUGA-Pand-2021--768x401.jpg 768w, https:\/\/auga.nl\/technology\/wp-content\/uploads\/sites\/2\/2025\/03\/002-AUGA-Pand-2021--1536x801.jpg 1536w, https:\/\/auga.nl\/technology\/wp-content\/uploads\/sites\/2\/2025\/03\/002-AUGA-Pand-2021--2048x1068.jpg 2048w\" sizes=\"(max-width: 1024px) 100vw, 1024px\" \/><\/figure>\n\n<div style=\"height:33px\" aria-hidden=\"true\" class=\"wp-block-spacer\"><\/div>\n","protected":false},"excerpt":{"rendered":"<p>Seit \u00fcber 35 Jahren ist er Experte f\u00fcr die Verbesserung der Wasserqualit\u00e4t in der Industrie, in Kommunen, im \u00f6ffentlichen Dienst und im Freizeitbereich f\u00fcr Umweltsanierung, Wiederverwendung und Wassermanagement. Mit unserer langj\u00e4hrigen Erfahrung bieten wir die bestm\u00f6glichen L\u00f6sungen zur Wiederherstellung und Optimierung der Wasserqualit\u00e4t, als Beitrag f\u00fcr Mensch und Umwelt und zur Effizienzsteigerung von Gesch\u00e4ftsprozessen. Unsere [&hellip;]<\/p>\n","protected":false},"author":1,"featured_media":0,"parent":0,"menu_order":0,"comment_status":"closed","ping_status":"closed","template":"","meta":{"_acf_changed":false,"footnotes":""},"class_list":["post-12746","page","type-page","status-publish","hentry"],"acf":[],"yoast_head":"<!-- This site is optimized with the Yoast SEO plugin v27.3 - https:\/\/yoast.com\/product\/yoast-seo-wordpress\/ -->\n<title>\u00dcber uns - AUGA Technology<\/title>\n<meta name=\"robots\" content=\"index, follow, max-snippet:-1, max-image-preview:large, max-video-preview:-1\" \/>\n<link rel=\"canonical\" href=\"https:\/\/auga.nl\/technology\/de\/ueber-uns\/\" \/>\n<meta property=\"og:locale\" content=\"de_DE\" \/>\n<meta property=\"og:type\" content=\"article\" \/>\n<meta property=\"og:title\" content=\"\u00dcber uns - AUGA Technology\" \/>\n<meta property=\"og:description\" content=\"Seit \u00fcber 35 Jahren ist er Experte f\u00fcr die Verbesserung der Wasserqualit\u00e4t in der Industrie, in Kommunen, im \u00f6ffentlichen Dienst und im Freizeitbereich f\u00fcr Umweltsanierung, Wiederverwendung und Wassermanagement. Mit unserer langj\u00e4hrigen Erfahrung bieten wir die bestm\u00f6glichen L\u00f6sungen zur Wiederherstellung und Optimierung der Wasserqualit\u00e4t, als Beitrag f\u00fcr Mensch und Umwelt und zur Effizienzsteigerung von Gesch\u00e4ftsprozessen. Unsere [&hellip;]\" \/>\n<meta property=\"og:url\" content=\"https:\/\/auga.nl\/technology\/de\/ueber-uns\/\" \/>\n<meta property=\"og:site_name\" content=\"AUGA Technology\" \/>\n<meta property=\"article:modified_time\" content=\"2025-05-22T14:15:28+00:00\" \/>\n<meta property=\"og:image\" content=\"https:\/\/auga.nl\/technology\/wp-content\/uploads\/sites\/2\/2025\/03\/002-AUGA-Pand-2021--scaled.jpg\" \/>\n\t<meta property=\"og:image:width\" content=\"2560\" \/>\n\t<meta property=\"og:image:height\" content=\"1335\" \/>\n\t<meta property=\"og:image:type\" content=\"image\/jpeg\" \/>\n<meta name=\"twitter:card\" content=\"summary_large_image\" \/>\n<script type=\"application\/ld+json\" class=\"yoast-schema-graph\">{\"@context\":\"https:\\\/\\\/schema.org\",\"@graph\":[{\"@type\":\"WebPage\",\"@id\":\"https:\\\/\\\/auga.nl\\\/technology\\\/de\\\/ueber-uns\\\/\",\"url\":\"https:\\\/\\\/auga.nl\\\/technology\\\/de\\\/ueber-uns\\\/\",\"name\":\"\u00dcber uns - AUGA Technology\",\"isPartOf\":{\"@id\":\"https:\\\/\\\/auga.nl\\\/technology\\\/de\\\/#website\"},\"primaryImageOfPage\":{\"@id\":\"https:\\\/\\\/auga.nl\\\/technology\\\/de\\\/ueber-uns\\\/#primaryimage\"},\"image\":{\"@id\":\"https:\\\/\\\/auga.nl\\\/technology\\\/de\\\/ueber-uns\\\/#primaryimage\"},\"thumbnailUrl\":\"https:\\\/\\\/auga.nl\\\/technology\\\/wp-content\\\/uploads\\\/sites\\\/2\\\/2025\\\/03\\\/002-AUGA-Pand-2021--1024x534.jpg\",\"datePublished\":\"2025-03-04T15:03:22+00:00\",\"dateModified\":\"2025-05-22T14:15:28+00:00\",\"breadcrumb\":{\"@id\":\"https:\\\/\\\/auga.nl\\\/technology\\\/de\\\/ueber-uns\\\/#breadcrumb\"},\"inLanguage\":\"de\",\"potentialAction\":[{\"@type\":\"ReadAction\",\"target\":[\"https:\\\/\\\/auga.nl\\\/technology\\\/de\\\/ueber-uns\\\/\"]}]},{\"@type\":\"ImageObject\",\"inLanguage\":\"de\",\"@id\":\"https:\\\/\\\/auga.nl\\\/technology\\\/de\\\/ueber-uns\\\/#primaryimage\",\"url\":\"https:\\\/\\\/auga.nl\\\/technology\\\/wp-content\\\/uploads\\\/sites\\\/2\\\/2025\\\/03\\\/002-AUGA-Pand-2021--1024x534.jpg\",\"contentUrl\":\"https:\\\/\\\/auga.nl\\\/technology\\\/wp-content\\\/uploads\\\/sites\\\/2\\\/2025\\\/03\\\/002-AUGA-Pand-2021--1024x534.jpg\"},{\"@type\":\"BreadcrumbList\",\"@id\":\"https:\\\/\\\/auga.nl\\\/technology\\\/de\\\/ueber-uns\\\/#breadcrumb\",\"itemListElement\":[{\"@type\":\"ListItem\",\"position\":1,\"name\":\"Home\",\"item\":\"https:\\\/\\\/auga.nl\\\/technology\\\/de\\\/homepage\\\/\"},{\"@type\":\"ListItem\",\"position\":2,\"name\":\"\u00dcber uns\"}]},{\"@type\":\"WebSite\",\"@id\":\"https:\\\/\\\/auga.nl\\\/technology\\\/de\\\/#website\",\"url\":\"https:\\\/\\\/auga.nl\\\/technology\\\/de\\\/\",\"name\":\"AUGA Technology\",\"description\":\"Herstel en optimalisatie van waterkwaliteit\",\"publisher\":{\"@id\":\"https:\\\/\\\/auga.nl\\\/technology\\\/de\\\/#organization\"},\"potentialAction\":[{\"@type\":\"SearchAction\",\"target\":{\"@type\":\"EntryPoint\",\"urlTemplate\":\"https:\\\/\\\/auga.nl\\\/technology\\\/de\\\/?s={search_term_string}\"},\"query-input\":{\"@type\":\"PropertyValueSpecification\",\"valueRequired\":true,\"valueName\":\"search_term_string\"}}],\"inLanguage\":\"de\"},{\"@type\":\"Organization\",\"@id\":\"https:\\\/\\\/auga.nl\\\/technology\\\/de\\\/#organization\",\"name\":\"AUGA Technology\",\"url\":\"https:\\\/\\\/auga.nl\\\/technology\\\/de\\\/\",\"logo\":{\"@type\":\"ImageObject\",\"inLanguage\":\"de\",\"@id\":\"https:\\\/\\\/auga.nl\\\/technology\\\/de\\\/#\\\/schema\\\/logo\\\/image\\\/\",\"url\":\"https:\\\/\\\/auga.nl\\\/technology\\\/wp-content\\\/uploads\\\/sites\\\/2\\\/2025\\\/03\\\/Logo.png\",\"contentUrl\":\"https:\\\/\\\/auga.nl\\\/technology\\\/wp-content\\\/uploads\\\/sites\\\/2\\\/2025\\\/03\\\/Logo.png\",\"width\":1380,\"height\":654,\"caption\":\"AUGA Technology\"},\"image\":{\"@id\":\"https:\\\/\\\/auga.nl\\\/technology\\\/de\\\/#\\\/schema\\\/logo\\\/image\\\/\"}}]}<\/script>\n<!-- \/ Yoast SEO plugin. -->","yoast_head_json":{"title":"\u00dcber uns - AUGA Technology","robots":{"index":"index","follow":"follow","max-snippet":"max-snippet:-1","max-image-preview":"max-image-preview:large","max-video-preview":"max-video-preview:-1"},"canonical":"https:\/\/auga.nl\/technology\/de\/ueber-uns\/","og_locale":"de_DE","og_type":"article","og_title":"\u00dcber uns - AUGA Technology","og_description":"Seit \u00fcber 35 Jahren ist er Experte f\u00fcr die Verbesserung der Wasserqualit\u00e4t in der Industrie, in Kommunen, im \u00f6ffentlichen Dienst und im Freizeitbereich f\u00fcr Umweltsanierung, Wiederverwendung und Wassermanagement. Mit unserer langj\u00e4hrigen Erfahrung bieten wir die bestm\u00f6glichen L\u00f6sungen zur Wiederherstellung und Optimierung der Wasserqualit\u00e4t, als Beitrag f\u00fcr Mensch und Umwelt und zur Effizienzsteigerung von Gesch\u00e4ftsprozessen. Unsere [&hellip;]","og_url":"https:\/\/auga.nl\/technology\/de\/ueber-uns\/","og_site_name":"AUGA Technology","article_modified_time":"2025-05-22T14:15:28+00:00","og_image":[{"width":2560,"height":1335,"url":"https:\/\/auga.nl\/technology\/wp-content\/uploads\/sites\/2\/2025\/03\/002-AUGA-Pand-2021--scaled.jpg","type":"image\/jpeg"}],"twitter_card":"summary_large_image","schema":{"@context":"https:\/\/schema.org","@graph":[{"@type":"WebPage","@id":"https:\/\/auga.nl\/technology\/de\/ueber-uns\/","url":"https:\/\/auga.nl\/technology\/de\/ueber-uns\/","name":"\u00dcber uns - AUGA Technology","isPartOf":{"@id":"https:\/\/auga.nl\/technology\/de\/#website"},"primaryImageOfPage":{"@id":"https:\/\/auga.nl\/technology\/de\/ueber-uns\/#primaryimage"},"image":{"@id":"https:\/\/auga.nl\/technology\/de\/ueber-uns\/#primaryimage"},"thumbnailUrl":"https:\/\/auga.nl\/technology\/wp-content\/uploads\/sites\/2\/2025\/03\/002-AUGA-Pand-2021--1024x534.jpg","datePublished":"2025-03-04T15:03:22+00:00","dateModified":"2025-05-22T14:15:28+00:00","breadcrumb":{"@id":"https:\/\/auga.nl\/technology\/de\/ueber-uns\/#breadcrumb"},"inLanguage":"de","potentialAction":[{"@type":"ReadAction","target":["https:\/\/auga.nl\/technology\/de\/ueber-uns\/"]}]},{"@type":"ImageObject","inLanguage":"de","@id":"https:\/\/auga.nl\/technology\/de\/ueber-uns\/#primaryimage","url":"https:\/\/auga.nl\/technology\/wp-content\/uploads\/sites\/2\/2025\/03\/002-AUGA-Pand-2021--1024x534.jpg","contentUrl":"https:\/\/auga.nl\/technology\/wp-content\/uploads\/sites\/2\/2025\/03\/002-AUGA-Pand-2021--1024x534.jpg"},{"@type":"BreadcrumbList","@id":"https:\/\/auga.nl\/technology\/de\/ueber-uns\/#breadcrumb","itemListElement":[{"@type":"ListItem","position":1,"name":"Home","item":"https:\/\/auga.nl\/technology\/de\/homepage\/"},{"@type":"ListItem","position":2,"name":"\u00dcber uns"}]},{"@type":"WebSite","@id":"https:\/\/auga.nl\/technology\/de\/#website","url":"https:\/\/auga.nl\/technology\/de\/","name":"AUGA Technology","description":"Herstel en optimalisatie van waterkwaliteit","publisher":{"@id":"https:\/\/auga.nl\/technology\/de\/#organization"},"potentialAction":[{"@type":"SearchAction","target":{"@type":"EntryPoint","urlTemplate":"https:\/\/auga.nl\/technology\/de\/?s={search_term_string}"},"query-input":{"@type":"PropertyValueSpecification","valueRequired":true,"valueName":"search_term_string"}}],"inLanguage":"de"},{"@type":"Organization","@id":"https:\/\/auga.nl\/technology\/de\/#organization","name":"AUGA Technology","url":"https:\/\/auga.nl\/technology\/de\/","logo":{"@type":"ImageObject","inLanguage":"de","@id":"https:\/\/auga.nl\/technology\/de\/#\/schema\/logo\/image\/","url":"https:\/\/auga.nl\/technology\/wp-content\/uploads\/sites\/2\/2025\/03\/Logo.png","contentUrl":"https:\/\/auga.nl\/technology\/wp-content\/uploads\/sites\/2\/2025\/03\/Logo.png","width":1380,"height":654,"caption":"AUGA Technology"},"image":{"@id":"https:\/\/auga.nl\/technology\/de\/#\/schema\/logo\/image\/"}}]}},"_links":{"self":[{"href":"https:\/\/auga.nl\/technology\/de\/wp-json\/wp\/v2\/pages\/12746","targetHints":{"allow":["GET"]}}],"collection":[{"href":"https:\/\/auga.nl\/technology\/de\/wp-json\/wp\/v2\/pages"}],"about":[{"href":"https:\/\/auga.nl\/technology\/de\/wp-json\/wp\/v2\/types\/page"}],"author":[{"embeddable":true,"href":"https:\/\/auga.nl\/technology\/de\/wp-json\/wp\/v2\/users\/1"}],"replies":[{"embeddable":true,"href":"https:\/\/auga.nl\/technology\/de\/wp-json\/wp\/v2\/comments?post=12746"}],"version-history":[{"count":1,"href":"https:\/\/auga.nl\/technology\/de\/wp-json\/wp\/v2\/pages\/12746\/revisions"}],"predecessor-version":[{"id":12749,"href":"https:\/\/auga.nl\/technology\/de\/wp-json\/wp\/v2\/pages\/12746\/revisions\/12749"}],"wp:attachment":[{"href":"https:\/\/auga.nl\/technology\/de\/wp-json\/wp\/v2\/media?parent=12746"}],"curies":[{"name":"wp","href":"https:\/\/api.w.org\/{rel}","templated":true}]}}