{"id":12769,"date":"2025-04-03T12:44:34","date_gmt":"2025-04-03T12:44:34","guid":{"rendered":"https:\/\/auga.nl\/technology\/innovatives-und-nachhaltiges-wassermanagement-mit-phoslock-auga-mischern-und-belueftern\/"},"modified":"2025-05-22T14:15:38","modified_gmt":"2025-05-22T14:15:38","slug":"innovatives-und-nachhaltiges-wassermanagement-mit-phoslock-auga-mischern-und-belueftern","status":"publish","type":"page","link":"https:\/\/auga.nl\/technology\/de\/innovatives-und-nachhaltiges-wassermanagement-mit-phoslock-auga-mischern-und-belueftern\/","title":{"rendered":"Innovatives und nachhaltiges Wassermanagement mit Phoslock\u00ae, AUGA Mischern und Bel\u00fcftern"},"content":{"rendered":"\n<h2 class=\"wp-block-heading\"><strong>Manchmal m\u00fcssen wir der Natur unter die Arme greifen<\/strong><\/h2>\n\n<p>Ein nachhaltiges und effektives Wassermanagement ist f\u00fcr Regierungen und Freizeitanbieter, die eine gesunde und attraktive Wasserqualit\u00e4t anstreben, unerl\u00e4sslich. Die Kombination aus Phoslock\u00ae, R\u00fchrwerken und Bel\u00fcftern bietet eine integrierte L\u00f6sung zur Verbesserung und Erhaltung von Gew\u00e4ssern, deren Vorteile \u00fcber die traditionellen Methoden hinausgehen. <\/p>\n\n<div class=\"wp-block-columns is-layout-flex wp-container-core-columns-is-layout-28f84493 wp-block-columns-is-layout-flex\">\n<div class=\"wp-block-column is-layout-flow wp-block-column-is-layout-flow\" style=\"flex-basis:100%\">\n<div class=\"wp-block-columns is-layout-flex wp-container-core-columns-is-layout-28f84493 wp-block-columns-is-layout-flex\">\n<div class=\"wp-block-column is-layout-flow wp-block-column-is-layout-flow\" style=\"flex-basis:100%\">\n<figure class=\"wp-block-gallery has-nested-images columns-default is-cropped wp-block-gallery-1 is-layout-flex wp-block-gallery-is-layout-flex\">\n<figure class=\"wp-block-image size-large\"><img fetchpriority=\"high\" decoding=\"async\" width=\"1000\" height=\"1000\" data-id=\"11863\" src=\"https:\/\/auga.nl\/technology\/wp-content\/uploads\/sites\/2\/2025\/04\/AUGA-Phoslock-verspreiden-slang-1.png\" alt=\"\" class=\"wp-image-11863\" srcset=\"https:\/\/auga.nl\/technology\/wp-content\/uploads\/sites\/2\/2025\/04\/AUGA-Phoslock-verspreiden-slang-1.png 1000w, https:\/\/auga.nl\/technology\/wp-content\/uploads\/sites\/2\/2025\/04\/AUGA-Phoslock-verspreiden-slang-1-300x300.png 300w, https:\/\/auga.nl\/technology\/wp-content\/uploads\/sites\/2\/2025\/04\/AUGA-Phoslock-verspreiden-slang-1-150x150.png 150w, https:\/\/auga.nl\/technology\/wp-content\/uploads\/sites\/2\/2025\/04\/AUGA-Phoslock-verspreiden-slang-1-768x768.png 768w\" sizes=\"(max-width: 1000px) 100vw, 1000px\" \/><\/figure>\n\n\n\n<figure class=\"wp-block-image size-large\"><img decoding=\"async\" width=\"1000\" height=\"1000\" data-id=\"11861\" src=\"https:\/\/auga.nl\/technology\/wp-content\/uploads\/sites\/2\/2025\/04\/AUGA-Phoslock-korrels-1.png\" alt=\"\" class=\"wp-image-11861\" srcset=\"https:\/\/auga.nl\/technology\/wp-content\/uploads\/sites\/2\/2025\/04\/AUGA-Phoslock-korrels-1.png 1000w, https:\/\/auga.nl\/technology\/wp-content\/uploads\/sites\/2\/2025\/04\/AUGA-Phoslock-korrels-1-300x300.png 300w, https:\/\/auga.nl\/technology\/wp-content\/uploads\/sites\/2\/2025\/04\/AUGA-Phoslock-korrels-1-150x150.png 150w, https:\/\/auga.nl\/technology\/wp-content\/uploads\/sites\/2\/2025\/04\/AUGA-Phoslock-korrels-1-768x768.png 768w\" sizes=\"(max-width: 1000px) 100vw, 1000px\" \/><\/figure>\n\n\n\n<figure class=\"wp-block-image size-large\"><img decoding=\"async\" width=\"1000\" height=\"1000\" data-id=\"11862\" src=\"https:\/\/auga.nl\/technology\/wp-content\/uploads\/sites\/2\/2025\/04\/AUGA-Phoslock-verspreiden-boot-1.png\" alt=\"\" class=\"wp-image-11862\" srcset=\"https:\/\/auga.nl\/technology\/wp-content\/uploads\/sites\/2\/2025\/04\/AUGA-Phoslock-verspreiden-boot-1.png 1000w, https:\/\/auga.nl\/technology\/wp-content\/uploads\/sites\/2\/2025\/04\/AUGA-Phoslock-verspreiden-boot-1-300x300.png 300w, https:\/\/auga.nl\/technology\/wp-content\/uploads\/sites\/2\/2025\/04\/AUGA-Phoslock-verspreiden-boot-1-150x150.png 150w, https:\/\/auga.nl\/technology\/wp-content\/uploads\/sites\/2\/2025\/04\/AUGA-Phoslock-verspreiden-boot-1-768x768.png 768w\" sizes=\"(max-width: 1000px) 100vw, 1000px\" \/><\/figure>\n<\/figure>\n<\/div>\n<\/div>\n<\/div>\n<\/div>\n\n<div class=\"wp-block-columns is-layout-flex wp-container-core-columns-is-layout-28f84493 wp-block-columns-is-layout-flex\">\n<div class=\"wp-block-column is-layout-flow wp-block-column-is-layout-flow\" style=\"flex-basis:100%\">\n<h2 class=\"wp-block-heading\"><strong>Effektive Phosphorreduktion<\/strong><br\/><\/h2>\n\n\n\n<p>Phoslock\u00ae ist ein innovativer mit Lanthan modifizierter Ton, der weltweit in mehr als 300 Anwendungen zur Reduzierung von Phosphor im Wasser eingesetzt wird. Durch die sichere Bindung und dauerhafte Entfernung von \u00fcbersch\u00fcssigem Phosphor aus der Wassers\u00e4ule hilft Phoslock\u00ae, Eutrophierung zu verhindern und tr\u00e4gt zu einem nachhaltigen und gesunden aquatischen \u00d6kosystem bei. <\/p>\n\n\n\n<h2 class=\"wp-block-heading\"><br\/><br\/><strong>Mischer und Bel\u00fcfter: Optimierung der Wasserqualit\u00e4t<\/strong><\/h2>\n\n\n\n<p>Zur Unterst\u00fctzung von Phoslock\u00ae spielen R\u00fchrwerke und Bel\u00fcfter eine entscheidende Rolle bei der Verbesserung der Wasserqualit\u00e4t:<\/p>\n\n\n\n<ul class=\"wp-block-list\">\n<li><strong>Verbesserte Sauerstoffzufuhr:<\/strong> Bel\u00fcfter f\u00fchren dem Wasser direkt Sauerstoff zu, was sich positiv auf das \u00d6kosystem auswirkt und das Fischsterben verhindert.<\/li>\n\n\n\n<li><strong>Effiziente Zirkulation:<\/strong> Die Mischer sorgen f\u00fcr eine gleichm\u00e4\u00dfige Verteilung von Sauerstoff und N\u00e4hrstoffen und verhindern so stagnierendes Wasser.<\/li>\n\n\n\n<li><strong>Vielseitig einsetzbar:<\/strong> Geeignet f\u00fcr verschiedene Anwendungen, von st\u00e4dtischen Teichen und Erholungsseen bis hin zu Kl\u00e4ranlagen und Naturgebieten<\/li>\n<\/ul>\n\n\n\n<figure class=\"wp-block-gallery has-nested-images columns-default is-cropped wp-block-gallery-2 is-layout-flex wp-block-gallery-is-layout-flex\">\n<figure class=\"wp-block-image size-large\"><img loading=\"lazy\" decoding=\"async\" width=\"1000\" height=\"1000\" data-id=\"11854\" src=\"https:\/\/auga.nl\/technology\/wp-content\/uploads\/sites\/2\/2025\/04\/Naamloos-68-1.png\" alt=\"\" class=\"wp-image-11854\" srcset=\"https:\/\/auga.nl\/technology\/wp-content\/uploads\/sites\/2\/2025\/04\/Naamloos-68-1.png 1000w, https:\/\/auga.nl\/technology\/wp-content\/uploads\/sites\/2\/2025\/04\/Naamloos-68-1-300x300.png 300w, https:\/\/auga.nl\/technology\/wp-content\/uploads\/sites\/2\/2025\/04\/Naamloos-68-1-150x150.png 150w, https:\/\/auga.nl\/technology\/wp-content\/uploads\/sites\/2\/2025\/04\/Naamloos-68-1-768x768.png 768w\" sizes=\"(max-width: 1000px) 100vw, 1000px\" \/><figcaption class=\"wp-element-caption\"><em>Kombi-System mit Mischern\/Bel\u00fcftern<\/em><strong> <\/strong><\/figcaption><\/figure>\n\n\n\n<figure class=\"wp-block-image size-large\"><img loading=\"lazy\" decoding=\"async\" width=\"1000\" height=\"1000\" data-id=\"11855\" src=\"https:\/\/auga.nl\/technology\/wp-content\/uploads\/sites\/2\/2025\/04\/Naamloos-69-1.png\" alt=\"\" class=\"wp-image-11855\" srcset=\"https:\/\/auga.nl\/technology\/wp-content\/uploads\/sites\/2\/2025\/04\/Naamloos-69-1.png 1000w, https:\/\/auga.nl\/technology\/wp-content\/uploads\/sites\/2\/2025\/04\/Naamloos-69-1-300x300.png 300w, https:\/\/auga.nl\/technology\/wp-content\/uploads\/sites\/2\/2025\/04\/Naamloos-69-1-150x150.png 150w, https:\/\/auga.nl\/technology\/wp-content\/uploads\/sites\/2\/2025\/04\/Naamloos-69-1-768x768.png 768w\" sizes=\"(max-width: 1000px) 100vw, 1000px\" \/><figcaption class=\"wp-element-caption\"><em>AirFlow Mischer\/Luftauslass<\/em><\/figcaption><\/figure>\n<\/figure>\n\n\n\n<p><br\/><\/p>\n<\/div>\n<\/div>\n\n<p><br\/><\/p>\n\n<h2 class=\"wp-block-heading\"><strong>Die St\u00e4rke des kombinierten Ansatzes<\/strong><\/h2>\n\n<p>Die Synergie zwischen Phoslock\u00ae, Mischern und Bel\u00fcftern gew\u00e4hrleistet einen nachhaltigen und effizienten Ansatz f\u00fcr das Wassermanagement:<\/p>\n\n<ul class=\"wp-block-list\">\n<li><strong>Effektives N\u00e4hrstoffmanagement:<\/strong> W\u00e4hrend Phoslock\u00ae den Phosphor aus dem Wasser entfernt, verbessern Mischer und Bel\u00fcfter die Verteilung von N\u00e4hrstoffen und Sauerstoff.<\/li>\n\n\n\n<li><strong>Algenbek\u00e4mpfung:<\/strong> Durch die Reduzierung von Phosphor und die Erh\u00f6hung des Sauerstoffgehalts wird das Algenwachstum gehemmt.<\/li>\n\n\n\n<li><strong>Verbesserte Artenvielfalt:<\/strong> Eine ges\u00fcndere Wasserumgebung f\u00f6rdert eine reiche und vielf\u00e4ltige Flora und Fauna.<\/li>\n\n\n\n<li><strong>Kosteng\u00fcnstige L\u00f6sung:<\/strong> Langfristige Einsparungen werden durch die Verringerung der Notwendigkeit h\u00e4ufiger Behandlungen und Wartungen erzielt.<\/li>\n<\/ul>\n\n<p><\/p>\n\n<p><em><a href=\"https:\/\/auga.nl\/technology\/wp-content\/uploads\/sites\/2\/2025\/03\/AUGA_Mixers-en-beluchters_NL_2025.pdf\">Klicken Sie hier, um mehr \u00fcber Mixer und Bel\u00fcfter zu erfahren  <\/a> <\/em><\/p>\n\n<h2 class=\"wp-block-heading\"><strong>Warum Phoslock\u00ae w\u00e4hlen?<\/strong><\/h2>\n\n<p>Phoslock bietet eine bew\u00e4hrte L\u00f6sung f\u00fcr die Kontrolle von l\u00f6slichem Phosphat in Gew\u00e4ssern. Innerhalb von drei Stunden nach der Anwendung kann es mehr als 90% des verf\u00fcgbaren Phosphats aus der Wassers\u00e4ule entfernen und bleibt bei verschiedenen pH-Werten (4 bis 11) und unter sauerstoffarmen Bedingungen wirksam. Da Phoslock den Phosphor nach der Bindung im Sediment ablagert, verhindert es auch zuk\u00fcnftige Phosphateintr\u00e4ge und tr\u00e4gt zur langfristigen Wasserqualit\u00e4t bei.  <\/p>\n\n<p>Durch Investitionen in die Kombination von Phoslock\u00ae, Mischern und Bel\u00fcftern k\u00f6nnen Regierungen und Freizeitunternehmen die Wasserqualit\u00e4t auf innovative und nachhaltige Weise verbessern. Dieser integrierte Ansatz tr\u00e4gt zu einem saubereren Lebensumfeld, einem h\u00f6heren \u00f6kologischen Wert und einem attraktiven langfristigen Erholungserlebnis bei. <\/p>\n\n<p><em><a href=\"https:\/\/auga.nl\/technology\/wp-content\/uploads\/sites\/2\/2025\/04\/Phoslock-Dutch-NL-AUGA.pdf\">Klicken Sie hier, um mehr dar\u00fcber zu erfahren, wie Phoslock\u00ae funktioniert<\/a><\/em><\/p>\n\n<p><\/p>\n","protected":false},"excerpt":{"rendered":"<p>Manchmal m\u00fcssen wir der Natur unter die Arme greifen Ein nachhaltiges und effektives Wassermanagement ist f\u00fcr Regierungen und Freizeitanbieter, die eine gesunde und attraktive Wasserqualit\u00e4t anstreben, unerl\u00e4sslich. Die Kombination aus Phoslock\u00ae, R\u00fchrwerken und Bel\u00fcftern bietet eine integrierte L\u00f6sung zur Verbesserung und Erhaltung von Gew\u00e4ssern, deren Vorteile \u00fcber die traditionellen Methoden hinausgehen. Effektive Phosphorreduktion Phoslock\u00ae ist [&hellip;]<\/p>\n","protected":false},"author":10,"featured_media":12446,"parent":0,"menu_order":0,"comment_status":"closed","ping_status":"closed","template":"","meta":{"_acf_changed":false,"footnotes":""},"class_list":["post-12769","page","type-page","status-publish","has-post-thumbnail","hentry"],"acf":[],"yoast_head":"<!-- This site is optimized with the Yoast SEO plugin v27.3 - https:\/\/yoast.com\/product\/yoast-seo-wordpress\/ -->\n<title>Innovatives und nachhaltiges Wassermanagement mit Phoslock\u00ae, AUGA Mischern und Bel\u00fcftern - AUGA Technology<\/title>\n<meta name=\"robots\" content=\"index, follow, max-snippet:-1, max-image-preview:large, max-video-preview:-1\" \/>\n<link rel=\"canonical\" href=\"https:\/\/auga.nl\/technology\/de\/innovatives-und-nachhaltiges-wassermanagement-mit-phoslock-auga-mischern-und-belueftern\/\" \/>\n<meta property=\"og:locale\" content=\"de_DE\" \/>\n<meta property=\"og:type\" content=\"article\" \/>\n<meta property=\"og:title\" content=\"Innovatives und nachhaltiges Wassermanagement mit Phoslock\u00ae, AUGA Mischern und Bel\u00fcftern - AUGA Technology\" \/>\n<meta property=\"og:description\" content=\"Manchmal m\u00fcssen wir der Natur unter die Arme greifen Ein nachhaltiges und effektives Wassermanagement ist f\u00fcr Regierungen und Freizeitanbieter, die eine gesunde und attraktive Wasserqualit\u00e4t anstreben, unerl\u00e4sslich. Die Kombination aus Phoslock\u00ae, R\u00fchrwerken und Bel\u00fcftern bietet eine integrierte L\u00f6sung zur Verbesserung und Erhaltung von Gew\u00e4ssern, deren Vorteile \u00fcber die traditionellen Methoden hinausgehen. Effektive Phosphorreduktion Phoslock\u00ae ist [&hellip;]\" \/>\n<meta property=\"og:url\" content=\"https:\/\/auga.nl\/technology\/de\/innovatives-und-nachhaltiges-wassermanagement-mit-phoslock-auga-mischern-und-belueftern\/\" \/>\n<meta property=\"og:site_name\" content=\"AUGA Technology\" \/>\n<meta property=\"article:modified_time\" content=\"2025-05-22T14:15:38+00:00\" \/>\n<meta property=\"og:image\" content=\"https:\/\/auga.nl\/technology\/wp-content\/uploads\/sites\/2\/2025\/04\/Naamloos-67-1024x512.png\" \/>\n\t<meta property=\"og:image:width\" content=\"1024\" \/>\n\t<meta property=\"og:image:height\" content=\"512\" \/>\n\t<meta property=\"og:image:type\" content=\"image\/png\" \/>\n<meta name=\"twitter:card\" content=\"summary_large_image\" \/>\n<meta name=\"twitter:label1\" content=\"Gesch\u00e4tzte Lesezeit\" \/>\n\t<meta name=\"twitter:data1\" content=\"2\u00a0Minuten\" \/>\n<script type=\"application\/ld+json\" class=\"yoast-schema-graph\">{\"@context\":\"https:\\\/\\\/schema.org\",\"@graph\":[{\"@type\":\"WebPage\",\"@id\":\"https:\\\/\\\/auga.nl\\\/technology\\\/de\\\/innovatives-und-nachhaltiges-wassermanagement-mit-phoslock-auga-mischern-und-belueftern\\\/\",\"url\":\"https:\\\/\\\/auga.nl\\\/technology\\\/de\\\/innovatives-und-nachhaltiges-wassermanagement-mit-phoslock-auga-mischern-und-belueftern\\\/\",\"name\":\"Innovatives und nachhaltiges Wassermanagement mit Phoslock\u00ae, AUGA Mischern und Bel\u00fcftern - AUGA Technology\",\"isPartOf\":{\"@id\":\"https:\\\/\\\/auga.nl\\\/technology\\\/de\\\/#website\"},\"primaryImageOfPage\":{\"@id\":\"https:\\\/\\\/auga.nl\\\/technology\\\/de\\\/innovatives-und-nachhaltiges-wassermanagement-mit-phoslock-auga-mischern-und-belueftern\\\/#primaryimage\"},\"image\":{\"@id\":\"https:\\\/\\\/auga.nl\\\/technology\\\/de\\\/innovatives-und-nachhaltiges-wassermanagement-mit-phoslock-auga-mischern-und-belueftern\\\/#primaryimage\"},\"thumbnailUrl\":\"https:\\\/\\\/auga.nl\\\/technology\\\/wp-content\\\/uploads\\\/sites\\\/2\\\/2025\\\/04\\\/Naamloos-67.png\",\"datePublished\":\"2025-04-03T12:44:34+00:00\",\"dateModified\":\"2025-05-22T14:15:38+00:00\",\"breadcrumb\":{\"@id\":\"https:\\\/\\\/auga.nl\\\/technology\\\/de\\\/innovatives-und-nachhaltiges-wassermanagement-mit-phoslock-auga-mischern-und-belueftern\\\/#breadcrumb\"},\"inLanguage\":\"de\",\"potentialAction\":[{\"@type\":\"ReadAction\",\"target\":[\"https:\\\/\\\/auga.nl\\\/technology\\\/de\\\/innovatives-und-nachhaltiges-wassermanagement-mit-phoslock-auga-mischern-und-belueftern\\\/\"]}]},{\"@type\":\"ImageObject\",\"inLanguage\":\"de\",\"@id\":\"https:\\\/\\\/auga.nl\\\/technology\\\/de\\\/innovatives-und-nachhaltiges-wassermanagement-mit-phoslock-auga-mischern-und-belueftern\\\/#primaryimage\",\"url\":\"https:\\\/\\\/auga.nl\\\/technology\\\/wp-content\\\/uploads\\\/sites\\\/2\\\/2025\\\/04\\\/Naamloos-67.png\",\"contentUrl\":\"https:\\\/\\\/auga.nl\\\/technology\\\/wp-content\\\/uploads\\\/sites\\\/2\\\/2025\\\/04\\\/Naamloos-67.png\",\"width\":2000,\"height\":1000},{\"@type\":\"BreadcrumbList\",\"@id\":\"https:\\\/\\\/auga.nl\\\/technology\\\/de\\\/innovatives-und-nachhaltiges-wassermanagement-mit-phoslock-auga-mischern-und-belueftern\\\/#breadcrumb\",\"itemListElement\":[{\"@type\":\"ListItem\",\"position\":1,\"name\":\"Home\",\"item\":\"https:\\\/\\\/auga.nl\\\/technology\\\/de\\\/homepage\\\/\"},{\"@type\":\"ListItem\",\"position\":2,\"name\":\"Innovatives und nachhaltiges Wassermanagement mit Phoslock\u00ae, AUGA Mischern und Bel\u00fcftern\"}]},{\"@type\":\"WebSite\",\"@id\":\"https:\\\/\\\/auga.nl\\\/technology\\\/de\\\/#website\",\"url\":\"https:\\\/\\\/auga.nl\\\/technology\\\/de\\\/\",\"name\":\"AUGA Technology\",\"description\":\"Herstel en optimalisatie van waterkwaliteit\",\"publisher\":{\"@id\":\"https:\\\/\\\/auga.nl\\\/technology\\\/de\\\/#organization\"},\"potentialAction\":[{\"@type\":\"SearchAction\",\"target\":{\"@type\":\"EntryPoint\",\"urlTemplate\":\"https:\\\/\\\/auga.nl\\\/technology\\\/de\\\/?s={search_term_string}\"},\"query-input\":{\"@type\":\"PropertyValueSpecification\",\"valueRequired\":true,\"valueName\":\"search_term_string\"}}],\"inLanguage\":\"de\"},{\"@type\":\"Organization\",\"@id\":\"https:\\\/\\\/auga.nl\\\/technology\\\/de\\\/#organization\",\"name\":\"AUGA Technology\",\"url\":\"https:\\\/\\\/auga.nl\\\/technology\\\/de\\\/\",\"logo\":{\"@type\":\"ImageObject\",\"inLanguage\":\"de\",\"@id\":\"https:\\\/\\\/auga.nl\\\/technology\\\/de\\\/#\\\/schema\\\/logo\\\/image\\\/\",\"url\":\"https:\\\/\\\/auga.nl\\\/technology\\\/wp-content\\\/uploads\\\/sites\\\/2\\\/2025\\\/03\\\/Logo.png\",\"contentUrl\":\"https:\\\/\\\/auga.nl\\\/technology\\\/wp-content\\\/uploads\\\/sites\\\/2\\\/2025\\\/03\\\/Logo.png\",\"width\":1380,\"height\":654,\"caption\":\"AUGA Technology\"},\"image\":{\"@id\":\"https:\\\/\\\/auga.nl\\\/technology\\\/de\\\/#\\\/schema\\\/logo\\\/image\\\/\"}}]}<\/script>\n<!-- \/ Yoast SEO plugin. -->","yoast_head_json":{"title":"Innovatives und nachhaltiges Wassermanagement mit Phoslock\u00ae, AUGA Mischern und Bel\u00fcftern - AUGA Technology","robots":{"index":"index","follow":"follow","max-snippet":"max-snippet:-1","max-image-preview":"max-image-preview:large","max-video-preview":"max-video-preview:-1"},"canonical":"https:\/\/auga.nl\/technology\/de\/innovatives-und-nachhaltiges-wassermanagement-mit-phoslock-auga-mischern-und-belueftern\/","og_locale":"de_DE","og_type":"article","og_title":"Innovatives und nachhaltiges Wassermanagement mit Phoslock\u00ae, AUGA Mischern und Bel\u00fcftern - AUGA Technology","og_description":"Manchmal m\u00fcssen wir der Natur unter die Arme greifen Ein nachhaltiges und effektives Wassermanagement ist f\u00fcr Regierungen und Freizeitanbieter, die eine gesunde und attraktive Wasserqualit\u00e4t anstreben, unerl\u00e4sslich. Die Kombination aus Phoslock\u00ae, R\u00fchrwerken und Bel\u00fcftern bietet eine integrierte L\u00f6sung zur Verbesserung und Erhaltung von Gew\u00e4ssern, deren Vorteile \u00fcber die traditionellen Methoden hinausgehen. Effektive Phosphorreduktion Phoslock\u00ae ist [&hellip;]","og_url":"https:\/\/auga.nl\/technology\/de\/innovatives-und-nachhaltiges-wassermanagement-mit-phoslock-auga-mischern-und-belueftern\/","og_site_name":"AUGA Technology","article_modified_time":"2025-05-22T14:15:38+00:00","og_image":[{"width":1024,"height":512,"url":"https:\/\/auga.nl\/technology\/wp-content\/uploads\/sites\/2\/2025\/04\/Naamloos-67-1024x512.png","type":"image\/png"}],"twitter_card":"summary_large_image","twitter_misc":{"Gesch\u00e4tzte Lesezeit":"2\u00a0Minuten"},"schema":{"@context":"https:\/\/schema.org","@graph":[{"@type":"WebPage","@id":"https:\/\/auga.nl\/technology\/de\/innovatives-und-nachhaltiges-wassermanagement-mit-phoslock-auga-mischern-und-belueftern\/","url":"https:\/\/auga.nl\/technology\/de\/innovatives-und-nachhaltiges-wassermanagement-mit-phoslock-auga-mischern-und-belueftern\/","name":"Innovatives und nachhaltiges Wassermanagement mit Phoslock\u00ae, AUGA Mischern und Bel\u00fcftern - AUGA Technology","isPartOf":{"@id":"https:\/\/auga.nl\/technology\/de\/#website"},"primaryImageOfPage":{"@id":"https:\/\/auga.nl\/technology\/de\/innovatives-und-nachhaltiges-wassermanagement-mit-phoslock-auga-mischern-und-belueftern\/#primaryimage"},"image":{"@id":"https:\/\/auga.nl\/technology\/de\/innovatives-und-nachhaltiges-wassermanagement-mit-phoslock-auga-mischern-und-belueftern\/#primaryimage"},"thumbnailUrl":"https:\/\/auga.nl\/technology\/wp-content\/uploads\/sites\/2\/2025\/04\/Naamloos-67.png","datePublished":"2025-04-03T12:44:34+00:00","dateModified":"2025-05-22T14:15:38+00:00","breadcrumb":{"@id":"https:\/\/auga.nl\/technology\/de\/innovatives-und-nachhaltiges-wassermanagement-mit-phoslock-auga-mischern-und-belueftern\/#breadcrumb"},"inLanguage":"de","potentialAction":[{"@type":"ReadAction","target":["https:\/\/auga.nl\/technology\/de\/innovatives-und-nachhaltiges-wassermanagement-mit-phoslock-auga-mischern-und-belueftern\/"]}]},{"@type":"ImageObject","inLanguage":"de","@id":"https:\/\/auga.nl\/technology\/de\/innovatives-und-nachhaltiges-wassermanagement-mit-phoslock-auga-mischern-und-belueftern\/#primaryimage","url":"https:\/\/auga.nl\/technology\/wp-content\/uploads\/sites\/2\/2025\/04\/Naamloos-67.png","contentUrl":"https:\/\/auga.nl\/technology\/wp-content\/uploads\/sites\/2\/2025\/04\/Naamloos-67.png","width":2000,"height":1000},{"@type":"BreadcrumbList","@id":"https:\/\/auga.nl\/technology\/de\/innovatives-und-nachhaltiges-wassermanagement-mit-phoslock-auga-mischern-und-belueftern\/#breadcrumb","itemListElement":[{"@type":"ListItem","position":1,"name":"Home","item":"https:\/\/auga.nl\/technology\/de\/homepage\/"},{"@type":"ListItem","position":2,"name":"Innovatives und nachhaltiges Wassermanagement mit Phoslock\u00ae, AUGA Mischern und Bel\u00fcftern"}]},{"@type":"WebSite","@id":"https:\/\/auga.nl\/technology\/de\/#website","url":"https:\/\/auga.nl\/technology\/de\/","name":"AUGA Technology","description":"Herstel en optimalisatie van waterkwaliteit","publisher":{"@id":"https:\/\/auga.nl\/technology\/de\/#organization"},"potentialAction":[{"@type":"SearchAction","target":{"@type":"EntryPoint","urlTemplate":"https:\/\/auga.nl\/technology\/de\/?s={search_term_string}"},"query-input":{"@type":"PropertyValueSpecification","valueRequired":true,"valueName":"search_term_string"}}],"inLanguage":"de"},{"@type":"Organization","@id":"https:\/\/auga.nl\/technology\/de\/#organization","name":"AUGA Technology","url":"https:\/\/auga.nl\/technology\/de\/","logo":{"@type":"ImageObject","inLanguage":"de","@id":"https:\/\/auga.nl\/technology\/de\/#\/schema\/logo\/image\/","url":"https:\/\/auga.nl\/technology\/wp-content\/uploads\/sites\/2\/2025\/03\/Logo.png","contentUrl":"https:\/\/auga.nl\/technology\/wp-content\/uploads\/sites\/2\/2025\/03\/Logo.png","width":1380,"height":654,"caption":"AUGA Technology"},"image":{"@id":"https:\/\/auga.nl\/technology\/de\/#\/schema\/logo\/image\/"}}]}},"_links":{"self":[{"href":"https:\/\/auga.nl\/technology\/de\/wp-json\/wp\/v2\/pages\/12769","targetHints":{"allow":["GET"]}}],"collection":[{"href":"https:\/\/auga.nl\/technology\/de\/wp-json\/wp\/v2\/pages"}],"about":[{"href":"https:\/\/auga.nl\/technology\/de\/wp-json\/wp\/v2\/types\/page"}],"author":[{"embeddable":true,"href":"https:\/\/auga.nl\/technology\/de\/wp-json\/wp\/v2\/users\/10"}],"replies":[{"embeddable":true,"href":"https:\/\/auga.nl\/technology\/de\/wp-json\/wp\/v2\/comments?post=12769"}],"version-history":[{"count":1,"href":"https:\/\/auga.nl\/technology\/de\/wp-json\/wp\/v2\/pages\/12769\/revisions"}],"predecessor-version":[{"id":12771,"href":"https:\/\/auga.nl\/technology\/de\/wp-json\/wp\/v2\/pages\/12769\/revisions\/12771"}],"wp:featuredmedia":[{"embeddable":true,"href":"https:\/\/auga.nl\/technology\/de\/wp-json\/wp\/v2\/media\/12446"}],"wp:attachment":[{"href":"https:\/\/auga.nl\/technology\/de\/wp-json\/wp\/v2\/media?parent=12769"}],"curies":[{"name":"wp","href":"https:\/\/api.w.org\/{rel}","templated":true}]}}