{"id":12775,"date":"2025-03-28T09:54:31","date_gmt":"2025-03-28T09:54:31","guid":{"rendered":"https:\/\/auga.nl\/technology\/die-magie-eines-planschbeckens\/"},"modified":"2025-05-22T14:15:40","modified_gmt":"2025-05-22T14:15:40","slug":"die-magie-eines-planschbeckens","status":"publish","type":"page","link":"https:\/\/auga.nl\/technology\/de\/die-magie-eines-planschbeckens\/","title":{"rendered":"Die Magie eines Planschbeckens"},"content":{"rendered":"\n<h2 class=\"wp-block-heading\">Die Magie eines Planschbeckens.<\/h2>\n\n<p>Stellen Sie sich einen wundersch\u00f6nen Erholungssee vor, der von \u00fcppigem Gr\u00fcn umgeben und mit kristallklarem Wasser gef\u00fcllt ist. Er sieht aus wie eine nat\u00fcrliche Oase, aber hinter den Kulissen sorgt ein ausgekl\u00fcgeltes System daf\u00fcr, dass dieses Wasser immer sauber und sicher zum Schwimmen ist. Das ist die Magie des \u201eSplash Pools\u201c.  <\/p>\n\n<h4 class=\"wp-block-heading\">Ein Paradies f\u00fcr die Jugend.<\/h4>\n\n<p>Das Planschbecken ist nicht nur ein Ort zum Schwimmen, sondern auch ein wahres Spielparadies f\u00fcr junge Leute, besonders im Sommer. Hier finden Sie zahlreiche nat\u00fcrliche Spielelemente, die Kinder und Jugendliche herausfordern und unterhalten. <\/p>\n\n<p>Was das Planschbecken von gew\u00f6hnlichen Freizeitseen unterscheidet, ist die Verwendung einer EPDM-Dichtung. Diese Dichtung sorgt daf\u00fcr, dass der Wasserstand im Teich nicht vom Grundwasserspiegel abh\u00e4ngt. Das bedeutet, dass der Teich unabh\u00e4ngig von den Bedingungen immer nachgef\u00fcllt und auf dem gew\u00fcnschten Niveau gehalten werden kann. Er ist auch nicht anf\u00e4llig f\u00fcr Schwankungen in der Qualit\u00e4t des Grundwassers, so dass die Wasserqualit\u00e4t konstant hoch bleibt.   <\/p>\n\n<p>Was das Planschbecken noch besonderer macht, ist der Einsatz einer nat\u00fcrlichen Wasserreinigung. Ein gro\u00dfer <a href=\"https:\/\/auga.nl\/consumer\/productgroepen\/vijverfilters\/helofyten-filtersystemen\/\">Helophytenfilter<\/a>, der aus Bakterien und Pflanzen besteht, reinigt das Wasser auf nat\u00fcrliche Weise. Das bedeutet, dass sch\u00e4dliche Stoffe und Mikroorganismen entfernt werden, bevor das Wasser in den Teich zur\u00fcckgef\u00fchrt wird. Das Ergebnis ist kristallklares Wasser, das sowohl sicher als auch umweltfreundlich ist.   <\/p>\n\n<p>Obwohl die nat\u00fcrliche Reinigung eine entscheidende Rolle spielt, wird das System durch mechanische Filter unterst\u00fctzt. Ein <a href=\"https:\/\/auga.nl\/consumer\/productgroepen\/vijverfilters\/mechanische-voorfilters\/\">Bogensieb<\/a> und <a href=\"https:\/\/auga.nl\/consumer\/productgroepen\/vijverfilters\/skimmers\/\">Absch\u00e4umer<\/a> sorgen daf\u00fcr, dass schwimmende Ablagerungen wie Bl\u00e4tter und \u00c4ste so weit wie m\u00f6glich entfernt werden, bevor sie auf den Boden sinken k\u00f6nnen. Dies verhindert die Ansammlung von Ablagerungen und tr\u00e4gt zur Erhaltung der Wasserqualit\u00e4t bei.  <\/p>\n\n<p>Um die Wasserqualit\u00e4t weiter zu gew\u00e4hrleisten, wird die <a href=\"https:\/\/auga.nl\/consumer\/productgroepen\/vijverfilters\/uv-c-apparaten\/\">UV-c-Technologie<\/a> eingesetzt. Dieses System sorgt daf\u00fcr, dass das gesamte durchlaufende Wasser desinfiziert wird. <\/p>\n\n<p>Das Planschbecken ist ein nachhaltiger und sch\u00f6ner Schwimmteich, in dem Mensch und Natur in Harmonie zusammenkommen. Er ist der ideale Ort f\u00fcr ein einzigartiges Schwimmerlebnis mit stabilen Wasserst\u00e4nden und hochwertiger Wasserqualit\u00e4t. <\/p>\n\n<p>AUGA hilft Ihnen mit fundierter, schl\u00fcssiger Teichberatung.<\/p>\n\n<p><a href=\"http:\/\/auga.nl\/consumer\/contact\">Kontaktieren Sie <\/a>uns f\u00fcr weitere Informationen.<\/p>\n","protected":false},"excerpt":{"rendered":"<p>Die Magie eines Planschbeckens. Stellen Sie sich einen wundersch\u00f6nen Erholungssee vor, der von \u00fcppigem Gr\u00fcn umgeben und mit kristallklarem Wasser gef\u00fcllt ist. Er sieht aus wie eine nat\u00fcrliche Oase, aber hinter den Kulissen sorgt ein ausgekl\u00fcgeltes System daf\u00fcr, dass dieses Wasser immer sauber und sicher zum Schwimmen ist. Das ist die Magie des \u201eSplash Pools\u201c. [&hellip;]<\/p>\n","protected":false},"author":1,"featured_media":12168,"parent":0,"menu_order":0,"comment_status":"closed","ping_status":"closed","template":"","meta":{"_acf_changed":false,"footnotes":""},"class_list":["post-12775","page","type-page","status-publish","has-post-thumbnail","hentry"],"acf":[],"yoast_head":"<!-- This site is optimized with the Yoast SEO plugin v27.5 - https:\/\/yoast.com\/product\/yoast-seo-wordpress\/ -->\n<title>Die Magie eines Planschbeckens - AUGA Technology<\/title>\n<meta name=\"robots\" content=\"index, follow, max-snippet:-1, max-image-preview:large, max-video-preview:-1\" \/>\n<link rel=\"canonical\" href=\"https:\/\/auga.nl\/technology\/de\/die-magie-eines-planschbeckens\/\" \/>\n<meta property=\"og:locale\" content=\"de_DE\" \/>\n<meta property=\"og:type\" content=\"article\" \/>\n<meta property=\"og:title\" content=\"Die Magie eines Planschbeckens - AUGA Technology\" \/>\n<meta property=\"og:description\" content=\"Die Magie eines Planschbeckens. Stellen Sie sich einen wundersch\u00f6nen Erholungssee vor, der von \u00fcppigem Gr\u00fcn umgeben und mit kristallklarem Wasser gef\u00fcllt ist. Er sieht aus wie eine nat\u00fcrliche Oase, aber hinter den Kulissen sorgt ein ausgekl\u00fcgeltes System daf\u00fcr, dass dieses Wasser immer sauber und sicher zum Schwimmen ist. Das ist die Magie des \u201eSplash Pools\u201c. [&hellip;]\" \/>\n<meta property=\"og:url\" content=\"https:\/\/auga.nl\/technology\/de\/die-magie-eines-planschbeckens\/\" \/>\n<meta property=\"og:site_name\" content=\"AUGA Technology\" \/>\n<meta property=\"article:modified_time\" content=\"2025-05-22T14:15:40+00:00\" \/>\n<meta name=\"twitter:card\" content=\"summary_large_image\" \/>\n<meta name=\"twitter:label1\" content=\"Gesch\u00e4tzte Lesezeit\" \/>\n\t<meta name=\"twitter:data1\" content=\"2\u00a0Minuten\" \/>\n<script type=\"application\/ld+json\" class=\"yoast-schema-graph\">{\"@context\":\"https:\\\/\\\/schema.org\",\"@graph\":[{\"@type\":\"WebPage\",\"@id\":\"https:\\\/\\\/auga.nl\\\/technology\\\/de\\\/die-magie-eines-planschbeckens\\\/\",\"url\":\"https:\\\/\\\/auga.nl\\\/technology\\\/de\\\/die-magie-eines-planschbeckens\\\/\",\"name\":\"Die Magie eines Planschbeckens - AUGA Technology\",\"isPartOf\":{\"@id\":\"https:\\\/\\\/auga.nl\\\/technology\\\/de\\\/#website\"},\"primaryImageOfPage\":{\"@id\":\"https:\\\/\\\/auga.nl\\\/technology\\\/de\\\/die-magie-eines-planschbeckens\\\/#primaryimage\"},\"image\":{\"@id\":\"https:\\\/\\\/auga.nl\\\/technology\\\/de\\\/die-magie-eines-planschbeckens\\\/#primaryimage\"},\"thumbnailUrl\":\"https:\\\/\\\/auga.nl\\\/technology\\\/wp-content\\\/uploads\\\/sites\\\/2\\\/2025\\\/02\\\/AUGA-Openbaar-Recreatiewater-Vakantiepark--scaled.jpg\",\"datePublished\":\"2025-03-28T09:54:31+00:00\",\"dateModified\":\"2025-05-22T14:15:40+00:00\",\"breadcrumb\":{\"@id\":\"https:\\\/\\\/auga.nl\\\/technology\\\/de\\\/die-magie-eines-planschbeckens\\\/#breadcrumb\"},\"inLanguage\":\"de\",\"potentialAction\":[{\"@type\":\"ReadAction\",\"target\":[\"https:\\\/\\\/auga.nl\\\/technology\\\/de\\\/die-magie-eines-planschbeckens\\\/\"]}]},{\"@type\":\"ImageObject\",\"inLanguage\":\"de\",\"@id\":\"https:\\\/\\\/auga.nl\\\/technology\\\/de\\\/die-magie-eines-planschbeckens\\\/#primaryimage\",\"url\":\"https:\\\/\\\/auga.nl\\\/technology\\\/wp-content\\\/uploads\\\/sites\\\/2\\\/2025\\\/02\\\/AUGA-Openbaar-Recreatiewater-Vakantiepark--scaled.jpg\",\"contentUrl\":\"https:\\\/\\\/auga.nl\\\/technology\\\/wp-content\\\/uploads\\\/sites\\\/2\\\/2025\\\/02\\\/AUGA-Openbaar-Recreatiewater-Vakantiepark--scaled.jpg\",\"width\":2560,\"height\":1707},{\"@type\":\"BreadcrumbList\",\"@id\":\"https:\\\/\\\/auga.nl\\\/technology\\\/de\\\/die-magie-eines-planschbeckens\\\/#breadcrumb\",\"itemListElement\":[{\"@type\":\"ListItem\",\"position\":1,\"name\":\"Home\",\"item\":\"https:\\\/\\\/auga.nl\\\/technology\\\/de\\\/homepage\\\/\"},{\"@type\":\"ListItem\",\"position\":2,\"name\":\"Die Magie eines Planschbeckens\"}]},{\"@type\":\"WebSite\",\"@id\":\"https:\\\/\\\/auga.nl\\\/technology\\\/de\\\/#website\",\"url\":\"https:\\\/\\\/auga.nl\\\/technology\\\/de\\\/\",\"name\":\"AUGA Technology\",\"description\":\"Herstel en optimalisatie van waterkwaliteit\",\"publisher\":{\"@id\":\"https:\\\/\\\/auga.nl\\\/technology\\\/de\\\/#organization\"},\"potentialAction\":[{\"@type\":\"SearchAction\",\"target\":{\"@type\":\"EntryPoint\",\"urlTemplate\":\"https:\\\/\\\/auga.nl\\\/technology\\\/de\\\/?s={search_term_string}\"},\"query-input\":{\"@type\":\"PropertyValueSpecification\",\"valueRequired\":true,\"valueName\":\"search_term_string\"}}],\"inLanguage\":\"de\"},{\"@type\":\"Organization\",\"@id\":\"https:\\\/\\\/auga.nl\\\/technology\\\/de\\\/#organization\",\"name\":\"AUGA Technology\",\"url\":\"https:\\\/\\\/auga.nl\\\/technology\\\/de\\\/\",\"logo\":{\"@type\":\"ImageObject\",\"inLanguage\":\"de\",\"@id\":\"https:\\\/\\\/auga.nl\\\/technology\\\/de\\\/#\\\/schema\\\/logo\\\/image\\\/\",\"url\":\"https:\\\/\\\/auga.nl\\\/technology\\\/wp-content\\\/uploads\\\/sites\\\/2\\\/2025\\\/03\\\/Logo.png\",\"contentUrl\":\"https:\\\/\\\/auga.nl\\\/technology\\\/wp-content\\\/uploads\\\/sites\\\/2\\\/2025\\\/03\\\/Logo.png\",\"width\":1380,\"height\":654,\"caption\":\"AUGA Technology\"},\"image\":{\"@id\":\"https:\\\/\\\/auga.nl\\\/technology\\\/de\\\/#\\\/schema\\\/logo\\\/image\\\/\"}}]}<\/script>\n<!-- \/ Yoast SEO plugin. -->","yoast_head_json":{"title":"Die Magie eines Planschbeckens - AUGA Technology","robots":{"index":"index","follow":"follow","max-snippet":"max-snippet:-1","max-image-preview":"max-image-preview:large","max-video-preview":"max-video-preview:-1"},"canonical":"https:\/\/auga.nl\/technology\/de\/die-magie-eines-planschbeckens\/","og_locale":"de_DE","og_type":"article","og_title":"Die Magie eines Planschbeckens - AUGA Technology","og_description":"Die Magie eines Planschbeckens. Stellen Sie sich einen wundersch\u00f6nen Erholungssee vor, der von \u00fcppigem Gr\u00fcn umgeben und mit kristallklarem Wasser gef\u00fcllt ist. Er sieht aus wie eine nat\u00fcrliche Oase, aber hinter den Kulissen sorgt ein ausgekl\u00fcgeltes System daf\u00fcr, dass dieses Wasser immer sauber und sicher zum Schwimmen ist. Das ist die Magie des \u201eSplash Pools\u201c. [&hellip;]","og_url":"https:\/\/auga.nl\/technology\/de\/die-magie-eines-planschbeckens\/","og_site_name":"AUGA Technology","article_modified_time":"2025-05-22T14:15:40+00:00","twitter_card":"summary_large_image","twitter_misc":{"Gesch\u00e4tzte Lesezeit":"2\u00a0Minuten"},"schema":{"@context":"https:\/\/schema.org","@graph":[{"@type":"WebPage","@id":"https:\/\/auga.nl\/technology\/de\/die-magie-eines-planschbeckens\/","url":"https:\/\/auga.nl\/technology\/de\/die-magie-eines-planschbeckens\/","name":"Die Magie eines Planschbeckens - AUGA Technology","isPartOf":{"@id":"https:\/\/auga.nl\/technology\/de\/#website"},"primaryImageOfPage":{"@id":"https:\/\/auga.nl\/technology\/de\/die-magie-eines-planschbeckens\/#primaryimage"},"image":{"@id":"https:\/\/auga.nl\/technology\/de\/die-magie-eines-planschbeckens\/#primaryimage"},"thumbnailUrl":"https:\/\/auga.nl\/technology\/wp-content\/uploads\/sites\/2\/2025\/02\/AUGA-Openbaar-Recreatiewater-Vakantiepark--scaled.jpg","datePublished":"2025-03-28T09:54:31+00:00","dateModified":"2025-05-22T14:15:40+00:00","breadcrumb":{"@id":"https:\/\/auga.nl\/technology\/de\/die-magie-eines-planschbeckens\/#breadcrumb"},"inLanguage":"de","potentialAction":[{"@type":"ReadAction","target":["https:\/\/auga.nl\/technology\/de\/die-magie-eines-planschbeckens\/"]}]},{"@type":"ImageObject","inLanguage":"de","@id":"https:\/\/auga.nl\/technology\/de\/die-magie-eines-planschbeckens\/#primaryimage","url":"https:\/\/auga.nl\/technology\/wp-content\/uploads\/sites\/2\/2025\/02\/AUGA-Openbaar-Recreatiewater-Vakantiepark--scaled.jpg","contentUrl":"https:\/\/auga.nl\/technology\/wp-content\/uploads\/sites\/2\/2025\/02\/AUGA-Openbaar-Recreatiewater-Vakantiepark--scaled.jpg","width":2560,"height":1707},{"@type":"BreadcrumbList","@id":"https:\/\/auga.nl\/technology\/de\/die-magie-eines-planschbeckens\/#breadcrumb","itemListElement":[{"@type":"ListItem","position":1,"name":"Home","item":"https:\/\/auga.nl\/technology\/de\/homepage\/"},{"@type":"ListItem","position":2,"name":"Die Magie eines Planschbeckens"}]},{"@type":"WebSite","@id":"https:\/\/auga.nl\/technology\/de\/#website","url":"https:\/\/auga.nl\/technology\/de\/","name":"AUGA Technology","description":"Herstel en optimalisatie van waterkwaliteit","publisher":{"@id":"https:\/\/auga.nl\/technology\/de\/#organization"},"potentialAction":[{"@type":"SearchAction","target":{"@type":"EntryPoint","urlTemplate":"https:\/\/auga.nl\/technology\/de\/?s={search_term_string}"},"query-input":{"@type":"PropertyValueSpecification","valueRequired":true,"valueName":"search_term_string"}}],"inLanguage":"de"},{"@type":"Organization","@id":"https:\/\/auga.nl\/technology\/de\/#organization","name":"AUGA Technology","url":"https:\/\/auga.nl\/technology\/de\/","logo":{"@type":"ImageObject","inLanguage":"de","@id":"https:\/\/auga.nl\/technology\/de\/#\/schema\/logo\/image\/","url":"https:\/\/auga.nl\/technology\/wp-content\/uploads\/sites\/2\/2025\/03\/Logo.png","contentUrl":"https:\/\/auga.nl\/technology\/wp-content\/uploads\/sites\/2\/2025\/03\/Logo.png","width":1380,"height":654,"caption":"AUGA Technology"},"image":{"@id":"https:\/\/auga.nl\/technology\/de\/#\/schema\/logo\/image\/"}}]}},"_links":{"self":[{"href":"https:\/\/auga.nl\/technology\/de\/wp-json\/wp\/v2\/pages\/12775","targetHints":{"allow":["GET"]}}],"collection":[{"href":"https:\/\/auga.nl\/technology\/de\/wp-json\/wp\/v2\/pages"}],"about":[{"href":"https:\/\/auga.nl\/technology\/de\/wp-json\/wp\/v2\/types\/page"}],"author":[{"embeddable":true,"href":"https:\/\/auga.nl\/technology\/de\/wp-json\/wp\/v2\/users\/1"}],"replies":[{"embeddable":true,"href":"https:\/\/auga.nl\/technology\/de\/wp-json\/wp\/v2\/comments?post=12775"}],"version-history":[{"count":1,"href":"https:\/\/auga.nl\/technology\/de\/wp-json\/wp\/v2\/pages\/12775\/revisions"}],"predecessor-version":[{"id":12776,"href":"https:\/\/auga.nl\/technology\/de\/wp-json\/wp\/v2\/pages\/12775\/revisions\/12776"}],"wp:featuredmedia":[{"embeddable":true,"href":"https:\/\/auga.nl\/technology\/de\/wp-json\/wp\/v2\/media\/12168"}],"wp:attachment":[{"href":"https:\/\/auga.nl\/technology\/de\/wp-json\/wp\/v2\/media?parent=12775"}],"curies":[{"name":"wp","href":"https:\/\/api.w.org\/{rel}","templated":true}]}}