{"id":14160,"date":"2025-09-03T08:47:07","date_gmt":"2025-09-03T08:47:07","guid":{"rendered":"https:\/\/auga.nl\/technology\/cookie-policy\/"},"modified":"2025-12-02T16:05:34","modified_gmt":"2025-12-02T16:05:34","slug":"cookie-policy","status":"publish","type":"page","link":"https:\/\/auga.nl\/technology\/de\/cookie-policy\/","title":{"rendered":"Cookie-Richtlinie"},"content":{"rendered":"\n<h1 class=\"wp-block-heading\"><strong>Cookie-Richtlinie Auga B.V.<\/strong><\/h1>\n\n<p><strong>Zuletzt aktualisiert:<\/strong> 5. August 2025<\/p>\n\n<p>Diese Cookie-Erkl\u00e4rung gilt f\u00fcr die Verwendung von Cookies auf der Website<a href=\"https:\/\/auga.nl\"> <\/a><a href=\"http:\/\/auga.nl\">auga.de<\/a>. Auga B.V. mit Sitz in Hengelo (Gld), Niederlande, ist f\u00fcr die Verarbeitung personenbezogener Daten, wie in dieser Erkl\u00e4rung dargelegt, verantwortlich. <\/p>\n\n<h2 class=\"wp-block-heading\"><strong>Was sind Cookies?<\/strong><\/h2>\n\n<p>Cookies sind kleine Textdateien, die auf Ihrem Computer, Tablet oder Smartphone gespeichert werden, wenn Sie eine Website besuchen. Sie werden verwendet, damit Websites ordnungsgem\u00e4\u00df funktionieren, das Benutzererlebnis verbessert, das Verhalten analysiert und Werbung personalisiert wird. <\/p>\n\n<h2 class=\"wp-block-heading\"><strong>Warum verwenden wir Cookies?<\/strong><\/h2>\n\n<p>Wir verwenden Cookies, um:<\/p>\n\n<ul class=\"wp-block-list\">\n<li>damit unsere Website ordnungsgem\u00e4\u00df funktioniert;<br\/><\/li>\n\n\n\n<li>Einblicke in das Besucherverhalten gewinnen;<br\/><\/li>\n\n\n\n<li>die Leistung unserer Website zu analysieren;<br\/><\/li>\n\n\n\n<li>in der Lage sein, gezielte Werbung zu zeigen;<br\/><\/li>\n\n\n\n<li>Formen und Interaktionen messen.<br\/><\/li>\n<\/ul>\n\n<h2 class=\"wp-block-heading\"><strong>Welche Cookies verwenden wir?<\/strong><\/h2>\n\n<p>Nachfolgend finden Sie eine \u00dcbersicht \u00fcber die von uns verwendeten Cookies, unterteilt in Kategorien:<\/p>\n\n<hr class=\"wp-block-separator has-alpha-channel-opacity\"\/>\n\n<h3 class=\"wp-block-heading\"><strong>1. Funktionale Cookies (notwendig)<\/strong><\/h3>\n\n<p>Diese Cookies sind notwendig, damit grundlegende Funktionen der Website funktionieren, z. B. das Speichern von Cookie-Einstellungen oder das korrekte Laden von Seiten.<\/p>\n\n<ul class=\"wp-block-list\">\n<li>68publishers\/cookieconsent: speichert, ob Sie Ihre Zustimmung gegeben haben.<br\/><\/li>\n<\/ul>\n\n<hr class=\"wp-block-separator has-alpha-channel-opacity\"\/>\n\n<h3 class=\"wp-block-heading\"><strong>2. Analytische Cookies<\/strong><\/h3>\n\n<h4 class=\"wp-block-heading\"><strong>Google Analytics<\/strong><\/h4>\n\n<p>Wir verwenden Google Analytics, um Statistiken \u00fcber die Nutzung unserer Website zu erstellen. Die IP-Adressen werden anonymisiert und die Daten werden nicht mit anderen Google-Diensten geteilt. <\/p>\n\n<ul class=\"wp-block-list\">\n<li>Daten: Seitenaufrufe, Sitzungsdauer, Absprungrate, usw.<br\/><\/li>\n\n\n\n<li>Aufbewahrungsfrist: standardm\u00e4\u00dfig 2 Jahre (sofern nicht anders festgelegt)<br\/><\/li>\n<\/ul>\n\n<h4 class=\"wp-block-heading\"><strong>Plausible Analytik<\/strong><\/h4>\n\n<p>Wir verwenden auch Plausible als datenschutzfreundliche Alternative, um zus\u00e4tzliche Erkenntnisse zu gewinnen. Plausible sammelt keine pers\u00f6nlichen Daten und platziert keine Tracking-Cookies. <\/p>\n\n<hr class=\"wp-block-separator has-alpha-channel-opacity\"\/>\n\n<h3 class=\"wp-block-heading\"><strong>3. Marketing- und Tracking-Cookies<\/strong><\/h3>\n\n<h4 class=\"wp-block-heading\"><strong>Facebook Pixel<\/strong><\/h4>\n\n<p>Dieses Cookie zeichnet das Nutzerverhalten auf unserer Website auf, damit wir relevante Werbung auf Facebook\/Instagram zeigen k\u00f6nnen. Die Daten werden mit Meta Platforms geteilt. <\/p>\n\n<ul class=\"wp-block-list\">\n<li>Daten: Seitenaufrufe, Konversionen, Formulareingaben<br\/><\/li>\n\n\n\n<li>Zweck: Remarketing, Konversionsmetriken<br\/><\/li>\n\n\n\n<li>Bedingungen: nur nach Genehmigung<br\/><\/li>\n<\/ul>\n\n<h4 class=\"wp-block-heading\"><strong>Leadinfo<\/strong><\/h4>\n\n<p>Leadinfo zeigt Gesch\u00e4ftsinformationen von Gesch\u00e4ftsbesuchern basierend auf der IP-Adresse an. Pers\u00f6nliche Daten wie Name oder E-Mail-Adresse werden nicht erfasst, es sei denn, sie werden aktiv angegeben. <\/p>\n\n<ul class=\"wp-block-list\">\n<li>Daten: IP-Adresse, besuchte Seiten, Organisationsdaten<br\/><\/li>\n\n\n\n<li>Zweck: B2B-Lead-Erkennung und Nachverfolgung<br\/><\/li>\n<\/ul>\n\n<hr class=\"wp-block-separator has-alpha-channel-opacity\"\/>\n\n<h3 class=\"wp-block-heading\"><strong>4. Tags und Skripte<\/strong><\/h3>\n\n<h4 class=\"wp-block-heading\"><strong>Google Tag Manager<\/strong><\/h4>\n\n<p>Google Tag Manager selbst setzt keine Cookies, sondern fungiert als Container zum kontrollierten Laden anderer Skripts (wie Facebook Pixel und Google Analytics).<\/p>\n\n<hr class=\"wp-block-separator has-alpha-channel-opacity\"\/>\n\n<h2 class=\"wp-block-heading\"><strong>Cookie-Einstellungen verwalten<\/strong><\/h2>\n\n<p>Bei Ihrem ersten Besuch auf unserer Website zeigen wir ein Cookie-Banner an. Hier k\u00f6nnen Sie angeben, mit welchen Cookies Sie einverstanden sind. Sie k\u00f6nnen Ihre Einstellungen jederzeit \u00e4ndern, indem Sie auf den Link in der Fu\u00dfzeile klicken.  <\/p>\n\n<p>Dar\u00fcber hinaus k\u00f6nnen Sie Cookies \u00fcber Ihre Browsereinstellungen l\u00f6schen oder blockieren.<br\/><\/p>\n\n<hr class=\"wp-block-separator has-alpha-channel-opacity\"\/>\n\n<h2 class=\"wp-block-heading\"><strong>Cookies von Dritten<\/strong><\/h2>\n\n<p>Unsere Website kann Inhalte von Drittanbietern enthalten (z. B. Videos oder externe Tools), die ihrerseits Cookies setzen k\u00f6nnen. Diese Cookies unterliegen den Richtlinien der jeweiligen Partei, wie z.B. Facebook oder Google. <\/p>\n\n<hr class=\"wp-block-separator has-alpha-channel-opacity\"\/>\n\n<h2 class=\"wp-block-heading\"><strong>\u00c4nderungen<\/strong><\/h2>\n\n<p>Wir behalten uns das Recht vor, diese Cookie-Richtlinie zu \u00e4ndern. Bitte \u00fcberpr\u00fcfen Sie diese Seite regelm\u00e4\u00dfig auf Aktualisierungen. Das Datum am oberen Rand zeigt an, wann dieses Dokument zuletzt aktualisiert wurde.  <\/p>\n\n<hr class=\"wp-block-separator has-alpha-channel-opacity\"\/>\n\n<h2 class=\"wp-block-heading\"><strong>Kontakt<\/strong><\/h2>\n\n<p>Bei Fragen zu dieser Cookie-Richtlinie oder Ihren Datenschutzrechten wenden Sie sich bitte an:<\/p>\n\n<p><strong>Auga B.V.<\/strong><strong><br\/><\/strong>info@auga<a href=\"https:\/\/auga.nl\">.nl<br\/><\/a> https:\/\/auga.nl<\/p>\n","protected":false},"excerpt":{"rendered":"<p>Cookie-Richtlinie Auga B.V. Zuletzt aktualisiert: 5. August 2025 Diese Cookie-Erkl\u00e4rung gilt f\u00fcr die Verwendung von Cookies auf der Website auga.de. Auga B.V. mit Sitz in Hengelo (Gld), Niederlande, ist f\u00fcr die Verarbeitung personenbezogener Daten, wie in dieser Erkl\u00e4rung dargelegt, verantwortlich. Was sind Cookies? Cookies sind kleine Textdateien, die auf Ihrem Computer, Tablet oder Smartphone gespeichert [&hellip;]<\/p>\n","protected":false},"author":1,"featured_media":0,"parent":0,"menu_order":0,"comment_status":"closed","ping_status":"closed","template":"","meta":{"_acf_changed":false,"footnotes":""},"class_list":["post-14160","page","type-page","status-publish","hentry"],"acf":[],"yoast_head":"<!-- This site is optimized with the Yoast SEO plugin v27.3 - https:\/\/yoast.com\/product\/yoast-seo-wordpress\/ -->\n<title>Cookie-Richtlinie - AUGA Technology<\/title>\n<meta name=\"robots\" content=\"index, follow, max-snippet:-1, max-image-preview:large, max-video-preview:-1\" \/>\n<link rel=\"canonical\" href=\"https:\/\/auga.nl\/technology\/de\/cookie-policy\/\" \/>\n<meta property=\"og:locale\" content=\"de_DE\" \/>\n<meta property=\"og:type\" content=\"article\" \/>\n<meta property=\"og:title\" content=\"Cookie-Richtlinie - AUGA Technology\" \/>\n<meta property=\"og:description\" content=\"Cookie-Richtlinie Auga B.V. Zuletzt aktualisiert: 5. August 2025 Diese Cookie-Erkl\u00e4rung gilt f\u00fcr die Verwendung von Cookies auf der Website auga.de. Auga B.V. mit Sitz in Hengelo (Gld), Niederlande, ist f\u00fcr die Verarbeitung personenbezogener Daten, wie in dieser Erkl\u00e4rung dargelegt, verantwortlich. Was sind Cookies? Cookies sind kleine Textdateien, die auf Ihrem Computer, Tablet oder Smartphone gespeichert [&hellip;]\" \/>\n<meta property=\"og:url\" content=\"https:\/\/auga.nl\/technology\/de\/cookie-policy\/\" \/>\n<meta property=\"og:site_name\" content=\"AUGA Technology\" \/>\n<meta property=\"article:modified_time\" content=\"2025-12-02T16:05:34+00:00\" \/>\n<meta name=\"twitter:card\" content=\"summary_large_image\" \/>\n<meta name=\"twitter:label1\" content=\"Gesch\u00e4tzte Lesezeit\" \/>\n\t<meta name=\"twitter:data1\" content=\"2\u00a0Minuten\" \/>\n<script type=\"application\/ld+json\" class=\"yoast-schema-graph\">{\"@context\":\"https:\\\/\\\/schema.org\",\"@graph\":[{\"@type\":\"WebPage\",\"@id\":\"https:\\\/\\\/auga.nl\\\/technology\\\/de\\\/cookie-policy\\\/\",\"url\":\"https:\\\/\\\/auga.nl\\\/technology\\\/de\\\/cookie-policy\\\/\",\"name\":\"Cookie-Richtlinie - AUGA Technology\",\"isPartOf\":{\"@id\":\"https:\\\/\\\/auga.nl\\\/technology\\\/de\\\/#website\"},\"datePublished\":\"2025-09-03T08:47:07+00:00\",\"dateModified\":\"2025-12-02T16:05:34+00:00\",\"breadcrumb\":{\"@id\":\"https:\\\/\\\/auga.nl\\\/technology\\\/de\\\/cookie-policy\\\/#breadcrumb\"},\"inLanguage\":\"de\",\"potentialAction\":[{\"@type\":\"ReadAction\",\"target\":[\"https:\\\/\\\/auga.nl\\\/technology\\\/de\\\/cookie-policy\\\/\"]}]},{\"@type\":\"BreadcrumbList\",\"@id\":\"https:\\\/\\\/auga.nl\\\/technology\\\/de\\\/cookie-policy\\\/#breadcrumb\",\"itemListElement\":[{\"@type\":\"ListItem\",\"position\":1,\"name\":\"Home\",\"item\":\"https:\\\/\\\/auga.nl\\\/technology\\\/de\\\/homepage\\\/\"},{\"@type\":\"ListItem\",\"position\":2,\"name\":\"Cookie-Richtlinie\"}]},{\"@type\":\"WebSite\",\"@id\":\"https:\\\/\\\/auga.nl\\\/technology\\\/de\\\/#website\",\"url\":\"https:\\\/\\\/auga.nl\\\/technology\\\/de\\\/\",\"name\":\"AUGA Technology\",\"description\":\"Herstel en optimalisatie van waterkwaliteit\",\"publisher\":{\"@id\":\"https:\\\/\\\/auga.nl\\\/technology\\\/de\\\/#organization\"},\"potentialAction\":[{\"@type\":\"SearchAction\",\"target\":{\"@type\":\"EntryPoint\",\"urlTemplate\":\"https:\\\/\\\/auga.nl\\\/technology\\\/de\\\/?s={search_term_string}\"},\"query-input\":{\"@type\":\"PropertyValueSpecification\",\"valueRequired\":true,\"valueName\":\"search_term_string\"}}],\"inLanguage\":\"de\"},{\"@type\":\"Organization\",\"@id\":\"https:\\\/\\\/auga.nl\\\/technology\\\/de\\\/#organization\",\"name\":\"AUGA Technology\",\"url\":\"https:\\\/\\\/auga.nl\\\/technology\\\/de\\\/\",\"logo\":{\"@type\":\"ImageObject\",\"inLanguage\":\"de\",\"@id\":\"https:\\\/\\\/auga.nl\\\/technology\\\/de\\\/#\\\/schema\\\/logo\\\/image\\\/\",\"url\":\"https:\\\/\\\/auga.nl\\\/technology\\\/wp-content\\\/uploads\\\/sites\\\/2\\\/2025\\\/03\\\/Logo.png\",\"contentUrl\":\"https:\\\/\\\/auga.nl\\\/technology\\\/wp-content\\\/uploads\\\/sites\\\/2\\\/2025\\\/03\\\/Logo.png\",\"width\":1380,\"height\":654,\"caption\":\"AUGA Technology\"},\"image\":{\"@id\":\"https:\\\/\\\/auga.nl\\\/technology\\\/de\\\/#\\\/schema\\\/logo\\\/image\\\/\"}}]}<\/script>\n<!-- \/ Yoast SEO plugin. -->","yoast_head_json":{"title":"Cookie-Richtlinie - AUGA Technology","robots":{"index":"index","follow":"follow","max-snippet":"max-snippet:-1","max-image-preview":"max-image-preview:large","max-video-preview":"max-video-preview:-1"},"canonical":"https:\/\/auga.nl\/technology\/de\/cookie-policy\/","og_locale":"de_DE","og_type":"article","og_title":"Cookie-Richtlinie - AUGA Technology","og_description":"Cookie-Richtlinie Auga B.V. Zuletzt aktualisiert: 5. August 2025 Diese Cookie-Erkl\u00e4rung gilt f\u00fcr die Verwendung von Cookies auf der Website auga.de. Auga B.V. mit Sitz in Hengelo (Gld), Niederlande, ist f\u00fcr die Verarbeitung personenbezogener Daten, wie in dieser Erkl\u00e4rung dargelegt, verantwortlich. Was sind Cookies? Cookies sind kleine Textdateien, die auf Ihrem Computer, Tablet oder Smartphone gespeichert [&hellip;]","og_url":"https:\/\/auga.nl\/technology\/de\/cookie-policy\/","og_site_name":"AUGA Technology","article_modified_time":"2025-12-02T16:05:34+00:00","twitter_card":"summary_large_image","twitter_misc":{"Gesch\u00e4tzte Lesezeit":"2\u00a0Minuten"},"schema":{"@context":"https:\/\/schema.org","@graph":[{"@type":"WebPage","@id":"https:\/\/auga.nl\/technology\/de\/cookie-policy\/","url":"https:\/\/auga.nl\/technology\/de\/cookie-policy\/","name":"Cookie-Richtlinie - AUGA Technology","isPartOf":{"@id":"https:\/\/auga.nl\/technology\/de\/#website"},"datePublished":"2025-09-03T08:47:07+00:00","dateModified":"2025-12-02T16:05:34+00:00","breadcrumb":{"@id":"https:\/\/auga.nl\/technology\/de\/cookie-policy\/#breadcrumb"},"inLanguage":"de","potentialAction":[{"@type":"ReadAction","target":["https:\/\/auga.nl\/technology\/de\/cookie-policy\/"]}]},{"@type":"BreadcrumbList","@id":"https:\/\/auga.nl\/technology\/de\/cookie-policy\/#breadcrumb","itemListElement":[{"@type":"ListItem","position":1,"name":"Home","item":"https:\/\/auga.nl\/technology\/de\/homepage\/"},{"@type":"ListItem","position":2,"name":"Cookie-Richtlinie"}]},{"@type":"WebSite","@id":"https:\/\/auga.nl\/technology\/de\/#website","url":"https:\/\/auga.nl\/technology\/de\/","name":"AUGA Technology","description":"Herstel en optimalisatie van waterkwaliteit","publisher":{"@id":"https:\/\/auga.nl\/technology\/de\/#organization"},"potentialAction":[{"@type":"SearchAction","target":{"@type":"EntryPoint","urlTemplate":"https:\/\/auga.nl\/technology\/de\/?s={search_term_string}"},"query-input":{"@type":"PropertyValueSpecification","valueRequired":true,"valueName":"search_term_string"}}],"inLanguage":"de"},{"@type":"Organization","@id":"https:\/\/auga.nl\/technology\/de\/#organization","name":"AUGA Technology","url":"https:\/\/auga.nl\/technology\/de\/","logo":{"@type":"ImageObject","inLanguage":"de","@id":"https:\/\/auga.nl\/technology\/de\/#\/schema\/logo\/image\/","url":"https:\/\/auga.nl\/technology\/wp-content\/uploads\/sites\/2\/2025\/03\/Logo.png","contentUrl":"https:\/\/auga.nl\/technology\/wp-content\/uploads\/sites\/2\/2025\/03\/Logo.png","width":1380,"height":654,"caption":"AUGA Technology"},"image":{"@id":"https:\/\/auga.nl\/technology\/de\/#\/schema\/logo\/image\/"}}]}},"_links":{"self":[{"href":"https:\/\/auga.nl\/technology\/de\/wp-json\/wp\/v2\/pages\/14160","targetHints":{"allow":["GET"]}}],"collection":[{"href":"https:\/\/auga.nl\/technology\/de\/wp-json\/wp\/v2\/pages"}],"about":[{"href":"https:\/\/auga.nl\/technology\/de\/wp-json\/wp\/v2\/types\/page"}],"author":[{"embeddable":true,"href":"https:\/\/auga.nl\/technology\/de\/wp-json\/wp\/v2\/users\/1"}],"replies":[{"embeddable":true,"href":"https:\/\/auga.nl\/technology\/de\/wp-json\/wp\/v2\/comments?post=14160"}],"version-history":[{"count":1,"href":"https:\/\/auga.nl\/technology\/de\/wp-json\/wp\/v2\/pages\/14160\/revisions"}],"predecessor-version":[{"id":14161,"href":"https:\/\/auga.nl\/technology\/de\/wp-json\/wp\/v2\/pages\/14160\/revisions\/14161"}],"wp:attachment":[{"href":"https:\/\/auga.nl\/technology\/de\/wp-json\/wp\/v2\/media?parent=14160"}],"curies":[{"name":"wp","href":"https:\/\/api.w.org\/{rel}","templated":true}]}}