{"id":13253,"date":"2025-03-04T15:03:22","date_gmt":"2025-03-04T15:03:22","guid":{"rendered":"https:\/\/auga.nl\/technology\/over-ons\/"},"modified":"2025-09-25T13:11:31","modified_gmt":"2025-09-25T13:11:31","slug":"over-ons","status":"publish","type":"page","link":"https:\/\/auga.nl\/technology\/fr\/over-ons\/","title":{"rendered":"A propos de nous"},"content":{"rendered":"\t\t<div data-elementor-type=\"wp-page\" data-elementor-id=\"13253\" class=\"elementor elementor-13253 elementor-1337\" data-elementor-post-type=\"page\">\n\t\t\t\t<div class=\"elementor-element elementor-element-4c18cd5b e-flex e-con-boxed e-con e-parent\" data-id=\"4c18cd5b\" data-element_type=\"container\" data-e-type=\"container\">\n\t\t\t\t\t<div class=\"e-con-inner\">\n\t\t\t\t<div class=\"elementor-element elementor-element-f93799 elementor-widget elementor-widget-text-editor\" data-id=\"f93799\" data-element_type=\"widget\" data-e-type=\"widget\" data-widget_type=\"text-editor.default\">\n\t\t\t\t<div class=\"elementor-widget-container\">\n\t\t\t\t\t\t\t\t\t<p><strong>Expert en am\u00e9lioration de la qualit\u00e9 de l&rsquo;eau dans les secteurs industriel, municipal, civil et r\u00e9cr\u00e9atif pour la restauration de l&rsquo;environnement, la r\u00e9utilisation et la gestion de l&rsquo;eau depuis plus de 35 ans.<\/strong><\/p>\n<p>Forts de notre longue exp\u00e9rience, nous proposons les meilleures solutions possibles pour restaurer et optimiser la qualit\u00e9 de l&rsquo;eau, afin de contribuer au bien-\u00eatre des personnes et de l&rsquo;environnement et d&rsquo;am\u00e9liorer l&rsquo;efficacit\u00e9 des processus d&rsquo;entreprise.<\/p>\n<p>Nos usines fonctionnent de mani\u00e8re extr\u00eamement efficace gr\u00e2ce \u00e0 une technologie simple.<\/p>\n<p>Notre technologie permet d&rsquo;assurer la disponibilit\u00e9, la protection et la r\u00e9utilisation de l&rsquo;eau, et non son gaspillage.<\/p>\n<p> <\/p>\t\t\t\t\t\t\t\t<\/div>\n\t\t\t\t<\/div>\n\t\t\t\t\t<\/div>\n\t\t\t\t<\/div>\n\t\t<div class=\"elementor-element elementor-element-2c20261 e-flex e-con-boxed e-con e-parent\" data-id=\"2c20261\" data-element_type=\"container\" data-e-type=\"container\">\n\t\t\t\t\t<div class=\"e-con-inner\">\n\t\t\t\t<div class=\"elementor-element elementor-element-75ee1dc elementor-widget elementor-widget-image\" data-id=\"75ee1dc\" data-element_type=\"widget\" data-e-type=\"widget\" data-widget_type=\"image.default\">\n\t\t\t\t<div class=\"elementor-widget-container\">\n\t\t\t\t\t\t\t\t\t\t\t\t\t\t\t<img fetchpriority=\"high\" decoding=\"async\" width=\"800\" height=\"600\" src=\"https:\/\/auga.nl\/technology\/wp-content\/uploads\/sites\/2\/2025\/09\/Naamloos-94-1024x768.png\" class=\"attachment-large size-large wp-image-13172\" alt=\"\" srcset=\"https:\/\/auga.nl\/technology\/wp-content\/uploads\/sites\/2\/2025\/09\/Naamloos-94-1024x768.png 1024w, https:\/\/auga.nl\/technology\/wp-content\/uploads\/sites\/2\/2025\/09\/Naamloos-94-300x225.png 300w, https:\/\/auga.nl\/technology\/wp-content\/uploads\/sites\/2\/2025\/09\/Naamloos-94-768x576.png 768w, https:\/\/auga.nl\/technology\/wp-content\/uploads\/sites\/2\/2025\/09\/Naamloos-94-1536x1152.png 1536w\" sizes=\"(max-width: 800px) 100vw, 800px\" \/>\t\t\t\t\t\t\t\t\t\t\t\t\t\t\t<\/div>\n\t\t\t\t<\/div>\n\t\t\t\t\t<\/div>\n\t\t\t\t<\/div>\n\t\t\t\t<\/div>\n\t\t","protected":false},"excerpt":{"rendered":"<p>Expert en am\u00e9lioration de la qualit\u00e9 de l&rsquo;eau dans les secteurs industriel, municipal, civil et r\u00e9cr\u00e9atif pour la restauration de l&rsquo;environnement, la r\u00e9utilisation et la gestion de l&rsquo;eau depuis plus de 35 ans. Forts de notre longue exp\u00e9rience, nous proposons les meilleures solutions possibles pour restaurer et optimiser la qualit\u00e9 de l&rsquo;eau, afin de contribuer [&hellip;]<\/p>\n","protected":false},"author":1,"featured_media":0,"parent":0,"menu_order":0,"comment_status":"closed","ping_status":"closed","template":"","meta":{"_acf_changed":false,"footnotes":""},"class_list":["post-13253","page","type-page","status-publish","hentry"],"acf":[],"yoast_head":"<!-- This site is optimized with the Yoast SEO plugin v27.3 - https:\/\/yoast.com\/product\/yoast-seo-wordpress\/ -->\n<title>A propos de nous - AUGA Technology<\/title>\n<meta name=\"robots\" content=\"index, follow, max-snippet:-1, max-image-preview:large, max-video-preview:-1\" \/>\n<link rel=\"canonical\" href=\"https:\/\/auga.nl\/technology\/fr\/over-ons\/\" \/>\n<meta property=\"og:locale\" content=\"fr_FR\" \/>\n<meta property=\"og:type\" content=\"article\" \/>\n<meta property=\"og:title\" content=\"A propos de nous - AUGA Technology\" \/>\n<meta property=\"og:description\" content=\"Expert en am\u00e9lioration de la qualit\u00e9 de l&rsquo;eau dans les secteurs industriel, municipal, civil et r\u00e9cr\u00e9atif pour la restauration de l&rsquo;environnement, la r\u00e9utilisation et la gestion de l&rsquo;eau depuis plus de 35 ans. Forts de notre longue exp\u00e9rience, nous proposons les meilleures solutions possibles pour restaurer et optimiser la qualit\u00e9 de l&rsquo;eau, afin de contribuer [&hellip;]\" \/>\n<meta property=\"og:url\" content=\"https:\/\/auga.nl\/technology\/fr\/over-ons\/\" \/>\n<meta property=\"og:site_name\" content=\"AUGA Technology\" \/>\n<meta property=\"article:modified_time\" content=\"2025-09-25T13:11:31+00:00\" \/>\n<meta property=\"og:image\" content=\"https:\/\/auga.nl\/technology\/wp-content\/uploads\/sites\/2\/2025\/09\/Naamloos-94-1024x768.png\" \/>\n\t<meta property=\"og:image:width\" content=\"1024\" \/>\n\t<meta property=\"og:image:height\" content=\"768\" \/>\n\t<meta property=\"og:image:type\" content=\"image\/png\" \/>\n<meta name=\"twitter:card\" content=\"summary_large_image\" \/>\n<meta name=\"twitter:label1\" content=\"Dur\u00e9e de lecture estim\u00e9e\" \/>\n\t<meta name=\"twitter:data1\" content=\"1 minute\" \/>\n<script type=\"application\/ld+json\" class=\"yoast-schema-graph\">{\"@context\":\"https:\\\/\\\/schema.org\",\"@graph\":[{\"@type\":\"WebPage\",\"@id\":\"https:\\\/\\\/auga.nl\\\/technology\\\/fr\\\/over-ons\\\/\",\"url\":\"https:\\\/\\\/auga.nl\\\/technology\\\/fr\\\/over-ons\\\/\",\"name\":\"A propos de nous - AUGA Technology\",\"isPartOf\":{\"@id\":\"https:\\\/\\\/auga.nl\\\/technology\\\/fr\\\/#website\"},\"primaryImageOfPage\":{\"@id\":\"https:\\\/\\\/auga.nl\\\/technology\\\/fr\\\/over-ons\\\/#primaryimage\"},\"image\":{\"@id\":\"https:\\\/\\\/auga.nl\\\/technology\\\/fr\\\/over-ons\\\/#primaryimage\"},\"thumbnailUrl\":\"https:\\\/\\\/auga.nl\\\/technology\\\/wp-content\\\/uploads\\\/sites\\\/2\\\/2025\\\/09\\\/Naamloos-94-1024x768.png\",\"datePublished\":\"2025-03-04T15:03:22+00:00\",\"dateModified\":\"2025-09-25T13:11:31+00:00\",\"breadcrumb\":{\"@id\":\"https:\\\/\\\/auga.nl\\\/technology\\\/fr\\\/over-ons\\\/#breadcrumb\"},\"inLanguage\":\"fr-FR\",\"potentialAction\":[{\"@type\":\"ReadAction\",\"target\":[\"https:\\\/\\\/auga.nl\\\/technology\\\/fr\\\/over-ons\\\/\"]}]},{\"@type\":\"ImageObject\",\"inLanguage\":\"fr-FR\",\"@id\":\"https:\\\/\\\/auga.nl\\\/technology\\\/fr\\\/over-ons\\\/#primaryimage\",\"url\":\"https:\\\/\\\/auga.nl\\\/technology\\\/wp-content\\\/uploads\\\/sites\\\/2\\\/2025\\\/09\\\/Naamloos-94-1024x768.png\",\"contentUrl\":\"https:\\\/\\\/auga.nl\\\/technology\\\/wp-content\\\/uploads\\\/sites\\\/2\\\/2025\\\/09\\\/Naamloos-94-1024x768.png\"},{\"@type\":\"BreadcrumbList\",\"@id\":\"https:\\\/\\\/auga.nl\\\/technology\\\/fr\\\/over-ons\\\/#breadcrumb\",\"itemListElement\":[{\"@type\":\"ListItem\",\"position\":1,\"name\":\"Home\",\"item\":\"https:\\\/\\\/auga.nl\\\/technology\\\/fr\\\/homepage\\\/\"},{\"@type\":\"ListItem\",\"position\":2,\"name\":\"A propos de nous\"}]},{\"@type\":\"WebSite\",\"@id\":\"https:\\\/\\\/auga.nl\\\/technology\\\/fr\\\/#website\",\"url\":\"https:\\\/\\\/auga.nl\\\/technology\\\/fr\\\/\",\"name\":\"AUGA Technology\",\"description\":\"Herstel en optimalisatie van waterkwaliteit\",\"publisher\":{\"@id\":\"https:\\\/\\\/auga.nl\\\/technology\\\/fr\\\/#organization\"},\"potentialAction\":[{\"@type\":\"SearchAction\",\"target\":{\"@type\":\"EntryPoint\",\"urlTemplate\":\"https:\\\/\\\/auga.nl\\\/technology\\\/fr\\\/?s={search_term_string}\"},\"query-input\":{\"@type\":\"PropertyValueSpecification\",\"valueRequired\":true,\"valueName\":\"search_term_string\"}}],\"inLanguage\":\"fr-FR\"},{\"@type\":\"Organization\",\"@id\":\"https:\\\/\\\/auga.nl\\\/technology\\\/fr\\\/#organization\",\"name\":\"AUGA Technology\",\"url\":\"https:\\\/\\\/auga.nl\\\/technology\\\/fr\\\/\",\"logo\":{\"@type\":\"ImageObject\",\"inLanguage\":\"fr-FR\",\"@id\":\"https:\\\/\\\/auga.nl\\\/technology\\\/fr\\\/#\\\/schema\\\/logo\\\/image\\\/\",\"url\":\"https:\\\/\\\/auga.nl\\\/technology\\\/wp-content\\\/uploads\\\/sites\\\/2\\\/2025\\\/03\\\/Logo.png\",\"contentUrl\":\"https:\\\/\\\/auga.nl\\\/technology\\\/wp-content\\\/uploads\\\/sites\\\/2\\\/2025\\\/03\\\/Logo.png\",\"width\":1380,\"height\":654,\"caption\":\"AUGA Technology\"},\"image\":{\"@id\":\"https:\\\/\\\/auga.nl\\\/technology\\\/fr\\\/#\\\/schema\\\/logo\\\/image\\\/\"}}]}<\/script>\n<!-- \/ Yoast SEO plugin. -->","yoast_head_json":{"title":"A propos de nous - AUGA Technology","robots":{"index":"index","follow":"follow","max-snippet":"max-snippet:-1","max-image-preview":"max-image-preview:large","max-video-preview":"max-video-preview:-1"},"canonical":"https:\/\/auga.nl\/technology\/fr\/over-ons\/","og_locale":"fr_FR","og_type":"article","og_title":"A propos de nous - AUGA Technology","og_description":"Expert en am\u00e9lioration de la qualit\u00e9 de l&rsquo;eau dans les secteurs industriel, municipal, civil et r\u00e9cr\u00e9atif pour la restauration de l&rsquo;environnement, la r\u00e9utilisation et la gestion de l&rsquo;eau depuis plus de 35 ans. Forts de notre longue exp\u00e9rience, nous proposons les meilleures solutions possibles pour restaurer et optimiser la qualit\u00e9 de l&rsquo;eau, afin de contribuer [&hellip;]","og_url":"https:\/\/auga.nl\/technology\/fr\/over-ons\/","og_site_name":"AUGA Technology","article_modified_time":"2025-09-25T13:11:31+00:00","og_image":[{"width":1024,"height":768,"url":"https:\/\/auga.nl\/technology\/wp-content\/uploads\/sites\/2\/2025\/09\/Naamloos-94-1024x768.png","type":"image\/png"}],"twitter_card":"summary_large_image","twitter_misc":{"Dur\u00e9e de lecture estim\u00e9e":"1 minute"},"schema":{"@context":"https:\/\/schema.org","@graph":[{"@type":"WebPage","@id":"https:\/\/auga.nl\/technology\/fr\/over-ons\/","url":"https:\/\/auga.nl\/technology\/fr\/over-ons\/","name":"A propos de nous - AUGA Technology","isPartOf":{"@id":"https:\/\/auga.nl\/technology\/fr\/#website"},"primaryImageOfPage":{"@id":"https:\/\/auga.nl\/technology\/fr\/over-ons\/#primaryimage"},"image":{"@id":"https:\/\/auga.nl\/technology\/fr\/over-ons\/#primaryimage"},"thumbnailUrl":"https:\/\/auga.nl\/technology\/wp-content\/uploads\/sites\/2\/2025\/09\/Naamloos-94-1024x768.png","datePublished":"2025-03-04T15:03:22+00:00","dateModified":"2025-09-25T13:11:31+00:00","breadcrumb":{"@id":"https:\/\/auga.nl\/technology\/fr\/over-ons\/#breadcrumb"},"inLanguage":"fr-FR","potentialAction":[{"@type":"ReadAction","target":["https:\/\/auga.nl\/technology\/fr\/over-ons\/"]}]},{"@type":"ImageObject","inLanguage":"fr-FR","@id":"https:\/\/auga.nl\/technology\/fr\/over-ons\/#primaryimage","url":"https:\/\/auga.nl\/technology\/wp-content\/uploads\/sites\/2\/2025\/09\/Naamloos-94-1024x768.png","contentUrl":"https:\/\/auga.nl\/technology\/wp-content\/uploads\/sites\/2\/2025\/09\/Naamloos-94-1024x768.png"},{"@type":"BreadcrumbList","@id":"https:\/\/auga.nl\/technology\/fr\/over-ons\/#breadcrumb","itemListElement":[{"@type":"ListItem","position":1,"name":"Home","item":"https:\/\/auga.nl\/technology\/fr\/homepage\/"},{"@type":"ListItem","position":2,"name":"A propos de nous"}]},{"@type":"WebSite","@id":"https:\/\/auga.nl\/technology\/fr\/#website","url":"https:\/\/auga.nl\/technology\/fr\/","name":"AUGA Technology","description":"Herstel en optimalisatie van waterkwaliteit","publisher":{"@id":"https:\/\/auga.nl\/technology\/fr\/#organization"},"potentialAction":[{"@type":"SearchAction","target":{"@type":"EntryPoint","urlTemplate":"https:\/\/auga.nl\/technology\/fr\/?s={search_term_string}"},"query-input":{"@type":"PropertyValueSpecification","valueRequired":true,"valueName":"search_term_string"}}],"inLanguage":"fr-FR"},{"@type":"Organization","@id":"https:\/\/auga.nl\/technology\/fr\/#organization","name":"AUGA Technology","url":"https:\/\/auga.nl\/technology\/fr\/","logo":{"@type":"ImageObject","inLanguage":"fr-FR","@id":"https:\/\/auga.nl\/technology\/fr\/#\/schema\/logo\/image\/","url":"https:\/\/auga.nl\/technology\/wp-content\/uploads\/sites\/2\/2025\/03\/Logo.png","contentUrl":"https:\/\/auga.nl\/technology\/wp-content\/uploads\/sites\/2\/2025\/03\/Logo.png","width":1380,"height":654,"caption":"AUGA Technology"},"image":{"@id":"https:\/\/auga.nl\/technology\/fr\/#\/schema\/logo\/image\/"}}]}},"_links":{"self":[{"href":"https:\/\/auga.nl\/technology\/fr\/wp-json\/wp\/v2\/pages\/13253","targetHints":{"allow":["GET"]}}],"collection":[{"href":"https:\/\/auga.nl\/technology\/fr\/wp-json\/wp\/v2\/pages"}],"about":[{"href":"https:\/\/auga.nl\/technology\/fr\/wp-json\/wp\/v2\/types\/page"}],"author":[{"embeddable":true,"href":"https:\/\/auga.nl\/technology\/fr\/wp-json\/wp\/v2\/users\/1"}],"replies":[{"embeddable":true,"href":"https:\/\/auga.nl\/technology\/fr\/wp-json\/wp\/v2\/comments?post=13253"}],"version-history":[{"count":1,"href":"https:\/\/auga.nl\/technology\/fr\/wp-json\/wp\/v2\/pages\/13253\/revisions"}],"predecessor-version":[{"id":13256,"href":"https:\/\/auga.nl\/technology\/fr\/wp-json\/wp\/v2\/pages\/13253\/revisions\/13256"}],"wp:attachment":[{"href":"https:\/\/auga.nl\/technology\/fr\/wp-json\/wp\/v2\/media?parent=13253"}],"curies":[{"name":"wp","href":"https:\/\/api.w.org\/{rel}","templated":true}]}}