{"id":13356,"date":"2025-03-28T09:54:31","date_gmt":"2025-03-28T09:54:31","guid":{"rendered":"https:\/\/auga.nl\/technology\/de-magie-van-een-plonsplas\/"},"modified":"2025-11-27T14:56:07","modified_gmt":"2025-11-27T14:56:07","slug":"de-magie-van-een-plonsplas","status":"publish","type":"page","link":"https:\/\/auga.nl\/technology\/fr\/de-magie-van-een-plonsplas\/","title":{"rendered":"La magie d&rsquo;une pataugeoire"},"content":{"rendered":"\n<h2 class=\"wp-block-heading\">La magie d&rsquo;une pataugeoire.<\/h2>\n\n<p>Imaginez un magnifique lac de loisirs entour\u00e9 d&rsquo;une v\u00e9g\u00e9tation luxuriante et rempli d&rsquo;une eau cristalline. Cela ressemble \u00e0 une oasis naturelle, mais dans les coulisses se trouve un syst\u00e8me sophistiqu\u00e9 qui garantit que l&rsquo;eau est toujours propre et qu&rsquo;il est possible de s&rsquo;y baigner en toute s\u00e9curit\u00e9. C&rsquo;est la magie de la \u00ab\u00a0splash pool\u00a0\u00bb.  <\/p>\n\n<figure class=\"wp-block-image size-large\"><img fetchpriority=\"high\" decoding=\"async\" width=\"1024\" height=\"683\" src=\"https:\/\/auga.nl\/technology\/wp-content\/uploads\/sites\/2\/2025\/03\/AUGA-Openbaar-Recreatiewater-Vakantiepark--1024x683.jpg\" alt=\"\" class=\"wp-image-1237\" srcset=\"https:\/\/auga.nl\/technology\/wp-content\/uploads\/sites\/2\/2025\/03\/AUGA-Openbaar-Recreatiewater-Vakantiepark--1024x683.jpg 1024w, https:\/\/auga.nl\/technology\/wp-content\/uploads\/sites\/2\/2025\/03\/AUGA-Openbaar-Recreatiewater-Vakantiepark--300x200.jpg 300w, https:\/\/auga.nl\/technology\/wp-content\/uploads\/sites\/2\/2025\/03\/AUGA-Openbaar-Recreatiewater-Vakantiepark--768x512.jpg 768w, https:\/\/auga.nl\/technology\/wp-content\/uploads\/sites\/2\/2025\/03\/AUGA-Openbaar-Recreatiewater-Vakantiepark--1536x1024.jpg 1536w, https:\/\/auga.nl\/technology\/wp-content\/uploads\/sites\/2\/2025\/03\/AUGA-Openbaar-Recreatiewater-Vakantiepark--2048x1365.jpg 2048w\" sizes=\"(max-width: 1024px) 100vw, 1024px\" \/><\/figure>\n\n<h4 class=\"wp-block-heading\">Un paradis pour les jeunes.<\/h4>\n\n<p>La pataugeoire n&rsquo;est pas seulement un lieu de baignade, c&rsquo;est un v\u00e9ritable paradis du jeu pour les jeunes, surtout en \u00e9t\u00e9. Vous y trouverez de nombreux attributs ludiques naturels qui stimulent et amusent les enfants et les jeunes. <\/p>\n\n<p>Le splash pool se distingue des lacs de plaisance ordinaires par l&rsquo;utilisation d&rsquo;un joint EPDM. Ce joint garantit que le niveau d&rsquo;eau du bassin ne d\u00e9pend pas du niveau de la nappe phr\u00e9atique. Cela signifie que, quelles que soient les conditions, l&rsquo;\u00e9tang peut toujours \u00eatre rempli et maintenu au niveau souhait\u00e9. Il n&rsquo;est pas non plus sensible aux fluctuations de la qualit\u00e9 de la nappe phr\u00e9atique, ce qui garantit que la qualit\u00e9 de l&rsquo;eau reste constamment \u00e9lev\u00e9e.   <\/p>\n\n<p>Ce qui rend cette piscine encore plus sp\u00e9ciale, c&rsquo;est l&rsquo;utilisation d&rsquo;un syst\u00e8me naturel de purification de l&rsquo;eau. Un grand <a href=\"https:\/\/auga.nl\/consumer\/productgroepen\/vijverfilters\/helofyten-filtersystemen\/\">filtre h\u00e9lophyte<\/a>, compos\u00e9 de bact\u00e9ries et de plantes, purifie naturellement l&rsquo;eau. Cela signifie que les substances nocives et les micro-organismes sont \u00e9limin\u00e9s avant que l&rsquo;eau ne retourne dans l&rsquo;\u00e9tang. Le r\u00e9sultat est une eau cristalline qui est \u00e0 la fois s\u00fbre et respectueuse de l&rsquo;environnement.   <\/p>\n\n<p>Bien que l&rsquo;\u00e9puration naturelle joue un r\u00f4le crucial, le syst\u00e8me est soutenu par des filtres m\u00e9caniques. Un <a href=\"https:\/\/auga.nl\/consumer\/productgroepen\/vijverfilters\/mechanische-voorfilters\/\">tamis \u00e0 vo\u00fbte<\/a> et des <a href=\"https:\/\/auga.nl\/consumer\/productgroepen\/vijverfilters\/skimmers\/\">\u00e9cumoires<\/a> permettent d&rsquo;\u00e9liminer autant que possible les d\u00e9bris flottants tels que les feuilles et les branches avant qu&rsquo;ils ne coulent au fond de l&rsquo;eau. Cela permet d&rsquo;\u00e9viter l&rsquo;accumulation de d\u00e9bris et de maintenir la qualit\u00e9 de l&rsquo;eau.  <\/p>\n\n<p>Pour mieux garantir la qualit\u00e9 de l&rsquo;eau, la <a href=\"https:\/\/auga.nl\/consumer\/productgroepen\/vijverfilters\/uv-c-apparaten\/\">technologie UV-c<\/a> est utilis\u00e9e. Ce syst\u00e8me garantit que toute l&rsquo;eau qui passe est d\u00e9sinfect\u00e9e. <\/p>\n\n<p>Le bassin d&rsquo;\u00e9claboussures est un \u00e9tang de baignade durable et magnifique o\u00f9 les gens et la nature se rencontrent en harmonie. C&rsquo;est l&rsquo;endroit id\u00e9al pour une exp\u00e9rience de baignade unique, avec des niveaux d&rsquo;eau stables et une qualit\u00e9 d&rsquo;eau \u00e9lev\u00e9e. <\/p>\n\n<p>L&rsquo;AUGA vous aide en vous donnant des conseils avis\u00e9s et concluants sur les \u00e9tangs.<\/p>\n\n<p><a href=\"http:\/\/auga.nl\/consumer\/contact\">Contactez-nous <\/a>pour plus d&rsquo;informations.<\/p>\n","protected":false},"excerpt":{"rendered":"<p>La magie d&rsquo;une pataugeoire. Imaginez un magnifique lac de loisirs entour\u00e9 d&rsquo;une v\u00e9g\u00e9tation luxuriante et rempli d&rsquo;une eau cristalline. Cela ressemble \u00e0 une oasis naturelle, mais dans les coulisses se trouve un syst\u00e8me sophistiqu\u00e9 qui garantit que l&rsquo;eau est toujours propre et qu&rsquo;il est possible de s&rsquo;y baigner en toute s\u00e9curit\u00e9. C&rsquo;est la magie de [&hellip;]<\/p>\n","protected":false},"author":1,"featured_media":13408,"parent":0,"menu_order":0,"comment_status":"closed","ping_status":"closed","template":"","meta":{"_acf_changed":false,"footnotes":""},"class_list":["post-13356","page","type-page","status-publish","has-post-thumbnail","hentry"],"acf":[],"yoast_head":"<!-- This site is optimized with the Yoast SEO plugin v27.5 - https:\/\/yoast.com\/product\/yoast-seo-wordpress\/ -->\n<title>La magie d&#039;une pataugeoire - AUGA Technology<\/title>\n<meta name=\"robots\" content=\"index, follow, max-snippet:-1, max-image-preview:large, max-video-preview:-1\" \/>\n<link rel=\"canonical\" href=\"https:\/\/auga.nl\/technology\/fr\/de-magie-van-een-plonsplas\/\" \/>\n<meta property=\"og:locale\" content=\"fr_FR\" \/>\n<meta property=\"og:type\" content=\"article\" \/>\n<meta property=\"og:title\" content=\"La magie d&#039;une pataugeoire - AUGA Technology\" \/>\n<meta property=\"og:description\" content=\"La magie d&rsquo;une pataugeoire. Imaginez un magnifique lac de loisirs entour\u00e9 d&rsquo;une v\u00e9g\u00e9tation luxuriante et rempli d&rsquo;une eau cristalline. Cela ressemble \u00e0 une oasis naturelle, mais dans les coulisses se trouve un syst\u00e8me sophistiqu\u00e9 qui garantit que l&rsquo;eau est toujours propre et qu&rsquo;il est possible de s&rsquo;y baigner en toute s\u00e9curit\u00e9. C&rsquo;est la magie de [&hellip;]\" \/>\n<meta property=\"og:url\" content=\"https:\/\/auga.nl\/technology\/fr\/de-magie-van-een-plonsplas\/\" \/>\n<meta property=\"og:site_name\" content=\"AUGA Technology\" \/>\n<meta property=\"article:modified_time\" content=\"2025-11-27T14:56:07+00:00\" \/>\n<meta property=\"og:image\" content=\"https:\/\/auga.nl\/technology\/wp-content\/uploads\/sites\/2\/2025\/02\/AUGA-Openbaar-Recreatiewater-Vakantiepark--scaled.jpg\" \/>\n\t<meta property=\"og:image:width\" content=\"2560\" \/>\n\t<meta property=\"og:image:height\" content=\"1707\" \/>\n\t<meta property=\"og:image:type\" content=\"image\/jpeg\" \/>\n<meta name=\"twitter:card\" content=\"summary_large_image\" \/>\n<meta name=\"twitter:label1\" content=\"Dur\u00e9e de lecture estim\u00e9e\" \/>\n\t<meta name=\"twitter:data1\" content=\"2 minutes\" \/>\n<script type=\"application\/ld+json\" class=\"yoast-schema-graph\">{\"@context\":\"https:\\\/\\\/schema.org\",\"@graph\":[{\"@type\":\"WebPage\",\"@id\":\"https:\\\/\\\/auga.nl\\\/technology\\\/fr\\\/de-magie-van-een-plonsplas\\\/\",\"url\":\"https:\\\/\\\/auga.nl\\\/technology\\\/fr\\\/de-magie-van-een-plonsplas\\\/\",\"name\":\"La magie d'une pataugeoire - AUGA Technology\",\"isPartOf\":{\"@id\":\"https:\\\/\\\/auga.nl\\\/technology\\\/fr\\\/#website\"},\"primaryImageOfPage\":{\"@id\":\"https:\\\/\\\/auga.nl\\\/technology\\\/fr\\\/de-magie-van-een-plonsplas\\\/#primaryimage\"},\"image\":{\"@id\":\"https:\\\/\\\/auga.nl\\\/technology\\\/fr\\\/de-magie-van-een-plonsplas\\\/#primaryimage\"},\"thumbnailUrl\":\"https:\\\/\\\/auga.nl\\\/technology\\\/wp-content\\\/uploads\\\/sites\\\/2\\\/2025\\\/02\\\/AUGA-Openbaar-Recreatiewater-Vakantiepark--scaled.jpg\",\"datePublished\":\"2025-03-28T09:54:31+00:00\",\"dateModified\":\"2025-11-27T14:56:07+00:00\",\"breadcrumb\":{\"@id\":\"https:\\\/\\\/auga.nl\\\/technology\\\/fr\\\/de-magie-van-een-plonsplas\\\/#breadcrumb\"},\"inLanguage\":\"fr-FR\",\"potentialAction\":[{\"@type\":\"ReadAction\",\"target\":[\"https:\\\/\\\/auga.nl\\\/technology\\\/fr\\\/de-magie-van-een-plonsplas\\\/\"]}]},{\"@type\":\"ImageObject\",\"inLanguage\":\"fr-FR\",\"@id\":\"https:\\\/\\\/auga.nl\\\/technology\\\/fr\\\/de-magie-van-een-plonsplas\\\/#primaryimage\",\"url\":\"https:\\\/\\\/auga.nl\\\/technology\\\/wp-content\\\/uploads\\\/sites\\\/2\\\/2025\\\/02\\\/AUGA-Openbaar-Recreatiewater-Vakantiepark--scaled.jpg\",\"contentUrl\":\"https:\\\/\\\/auga.nl\\\/technology\\\/wp-content\\\/uploads\\\/sites\\\/2\\\/2025\\\/02\\\/AUGA-Openbaar-Recreatiewater-Vakantiepark--scaled.jpg\",\"width\":2560,\"height\":1707},{\"@type\":\"BreadcrumbList\",\"@id\":\"https:\\\/\\\/auga.nl\\\/technology\\\/fr\\\/de-magie-van-een-plonsplas\\\/#breadcrumb\",\"itemListElement\":[{\"@type\":\"ListItem\",\"position\":1,\"name\":\"Home\",\"item\":\"https:\\\/\\\/auga.nl\\\/technology\\\/fr\\\/\"},{\"@type\":\"ListItem\",\"position\":2,\"name\":\"La magie d&#8217;une pataugeoire\"}]},{\"@type\":\"WebSite\",\"@id\":\"https:\\\/\\\/auga.nl\\\/technology\\\/fr\\\/#website\",\"url\":\"https:\\\/\\\/auga.nl\\\/technology\\\/fr\\\/\",\"name\":\"AUGA Technology\",\"description\":\"Herstel en optimalisatie van waterkwaliteit\",\"publisher\":{\"@id\":\"https:\\\/\\\/auga.nl\\\/technology\\\/fr\\\/#organization\"},\"potentialAction\":[{\"@type\":\"SearchAction\",\"target\":{\"@type\":\"EntryPoint\",\"urlTemplate\":\"https:\\\/\\\/auga.nl\\\/technology\\\/fr\\\/?s={search_term_string}\"},\"query-input\":{\"@type\":\"PropertyValueSpecification\",\"valueRequired\":true,\"valueName\":\"search_term_string\"}}],\"inLanguage\":\"fr-FR\"},{\"@type\":\"Organization\",\"@id\":\"https:\\\/\\\/auga.nl\\\/technology\\\/fr\\\/#organization\",\"name\":\"AUGA Technology\",\"url\":\"https:\\\/\\\/auga.nl\\\/technology\\\/fr\\\/\",\"logo\":{\"@type\":\"ImageObject\",\"inLanguage\":\"fr-FR\",\"@id\":\"https:\\\/\\\/auga.nl\\\/technology\\\/fr\\\/#\\\/schema\\\/logo\\\/image\\\/\",\"url\":\"https:\\\/\\\/auga.nl\\\/technology\\\/wp-content\\\/uploads\\\/sites\\\/2\\\/2025\\\/03\\\/Logo.png\",\"contentUrl\":\"https:\\\/\\\/auga.nl\\\/technology\\\/wp-content\\\/uploads\\\/sites\\\/2\\\/2025\\\/03\\\/Logo.png\",\"width\":1380,\"height\":654,\"caption\":\"AUGA Technology\"},\"image\":{\"@id\":\"https:\\\/\\\/auga.nl\\\/technology\\\/fr\\\/#\\\/schema\\\/logo\\\/image\\\/\"}}]}<\/script>\n<!-- \/ Yoast SEO plugin. -->","yoast_head_json":{"title":"La magie d'une pataugeoire - AUGA Technology","robots":{"index":"index","follow":"follow","max-snippet":"max-snippet:-1","max-image-preview":"max-image-preview:large","max-video-preview":"max-video-preview:-1"},"canonical":"https:\/\/auga.nl\/technology\/fr\/de-magie-van-een-plonsplas\/","og_locale":"fr_FR","og_type":"article","og_title":"La magie d'une pataugeoire - AUGA Technology","og_description":"La magie d&rsquo;une pataugeoire. Imaginez un magnifique lac de loisirs entour\u00e9 d&rsquo;une v\u00e9g\u00e9tation luxuriante et rempli d&rsquo;une eau cristalline. Cela ressemble \u00e0 une oasis naturelle, mais dans les coulisses se trouve un syst\u00e8me sophistiqu\u00e9 qui garantit que l&rsquo;eau est toujours propre et qu&rsquo;il est possible de s&rsquo;y baigner en toute s\u00e9curit\u00e9. C&rsquo;est la magie de [&hellip;]","og_url":"https:\/\/auga.nl\/technology\/fr\/de-magie-van-een-plonsplas\/","og_site_name":"AUGA Technology","article_modified_time":"2025-11-27T14:56:07+00:00","og_image":[{"width":2560,"height":1707,"url":"https:\/\/auga.nl\/technology\/wp-content\/uploads\/sites\/2\/2025\/02\/AUGA-Openbaar-Recreatiewater-Vakantiepark--scaled.jpg","type":"image\/jpeg"}],"twitter_card":"summary_large_image","twitter_misc":{"Dur\u00e9e de lecture estim\u00e9e":"2 minutes"},"schema":{"@context":"https:\/\/schema.org","@graph":[{"@type":"WebPage","@id":"https:\/\/auga.nl\/technology\/fr\/de-magie-van-een-plonsplas\/","url":"https:\/\/auga.nl\/technology\/fr\/de-magie-van-een-plonsplas\/","name":"La magie d'une pataugeoire - AUGA Technology","isPartOf":{"@id":"https:\/\/auga.nl\/technology\/fr\/#website"},"primaryImageOfPage":{"@id":"https:\/\/auga.nl\/technology\/fr\/de-magie-van-een-plonsplas\/#primaryimage"},"image":{"@id":"https:\/\/auga.nl\/technology\/fr\/de-magie-van-een-plonsplas\/#primaryimage"},"thumbnailUrl":"https:\/\/auga.nl\/technology\/wp-content\/uploads\/sites\/2\/2025\/02\/AUGA-Openbaar-Recreatiewater-Vakantiepark--scaled.jpg","datePublished":"2025-03-28T09:54:31+00:00","dateModified":"2025-11-27T14:56:07+00:00","breadcrumb":{"@id":"https:\/\/auga.nl\/technology\/fr\/de-magie-van-een-plonsplas\/#breadcrumb"},"inLanguage":"fr-FR","potentialAction":[{"@type":"ReadAction","target":["https:\/\/auga.nl\/technology\/fr\/de-magie-van-een-plonsplas\/"]}]},{"@type":"ImageObject","inLanguage":"fr-FR","@id":"https:\/\/auga.nl\/technology\/fr\/de-magie-van-een-plonsplas\/#primaryimage","url":"https:\/\/auga.nl\/technology\/wp-content\/uploads\/sites\/2\/2025\/02\/AUGA-Openbaar-Recreatiewater-Vakantiepark--scaled.jpg","contentUrl":"https:\/\/auga.nl\/technology\/wp-content\/uploads\/sites\/2\/2025\/02\/AUGA-Openbaar-Recreatiewater-Vakantiepark--scaled.jpg","width":2560,"height":1707},{"@type":"BreadcrumbList","@id":"https:\/\/auga.nl\/technology\/fr\/de-magie-van-een-plonsplas\/#breadcrumb","itemListElement":[{"@type":"ListItem","position":1,"name":"Home","item":"https:\/\/auga.nl\/technology\/fr\/"},{"@type":"ListItem","position":2,"name":"La magie d&#8217;une pataugeoire"}]},{"@type":"WebSite","@id":"https:\/\/auga.nl\/technology\/fr\/#website","url":"https:\/\/auga.nl\/technology\/fr\/","name":"AUGA Technology","description":"Herstel en optimalisatie van waterkwaliteit","publisher":{"@id":"https:\/\/auga.nl\/technology\/fr\/#organization"},"potentialAction":[{"@type":"SearchAction","target":{"@type":"EntryPoint","urlTemplate":"https:\/\/auga.nl\/technology\/fr\/?s={search_term_string}"},"query-input":{"@type":"PropertyValueSpecification","valueRequired":true,"valueName":"search_term_string"}}],"inLanguage":"fr-FR"},{"@type":"Organization","@id":"https:\/\/auga.nl\/technology\/fr\/#organization","name":"AUGA Technology","url":"https:\/\/auga.nl\/technology\/fr\/","logo":{"@type":"ImageObject","inLanguage":"fr-FR","@id":"https:\/\/auga.nl\/technology\/fr\/#\/schema\/logo\/image\/","url":"https:\/\/auga.nl\/technology\/wp-content\/uploads\/sites\/2\/2025\/03\/Logo.png","contentUrl":"https:\/\/auga.nl\/technology\/wp-content\/uploads\/sites\/2\/2025\/03\/Logo.png","width":1380,"height":654,"caption":"AUGA Technology"},"image":{"@id":"https:\/\/auga.nl\/technology\/fr\/#\/schema\/logo\/image\/"}}]}},"_links":{"self":[{"href":"https:\/\/auga.nl\/technology\/fr\/wp-json\/wp\/v2\/pages\/13356","targetHints":{"allow":["GET"]}}],"collection":[{"href":"https:\/\/auga.nl\/technology\/fr\/wp-json\/wp\/v2\/pages"}],"about":[{"href":"https:\/\/auga.nl\/technology\/fr\/wp-json\/wp\/v2\/types\/page"}],"author":[{"embeddable":true,"href":"https:\/\/auga.nl\/technology\/fr\/wp-json\/wp\/v2\/users\/1"}],"replies":[{"embeddable":true,"href":"https:\/\/auga.nl\/technology\/fr\/wp-json\/wp\/v2\/comments?post=13356"}],"version-history":[{"count":2,"href":"https:\/\/auga.nl\/technology\/fr\/wp-json\/wp\/v2\/pages\/13356\/revisions"}],"predecessor-version":[{"id":13869,"href":"https:\/\/auga.nl\/technology\/fr\/wp-json\/wp\/v2\/pages\/13356\/revisions\/13869"}],"wp:featuredmedia":[{"embeddable":true,"href":"https:\/\/auga.nl\/technology\/fr\/wp-json\/wp\/v2\/media\/13408"}],"wp:attachment":[{"href":"https:\/\/auga.nl\/technology\/fr\/wp-json\/wp\/v2\/media?parent=13356"}],"curies":[{"name":"wp","href":"https:\/\/api.w.org\/{rel}","templated":true}]}}