{"id":13371,"date":"2025-04-03T12:44:34","date_gmt":"2025-04-03T12:44:34","guid":{"rendered":"https:\/\/auga.nl\/technology\/innovatief-en-duurzaam-waterbeheer-met-phoslock-granulaat-auga-mixers-en-beluchters\/"},"modified":"2025-09-25T12:26:50","modified_gmt":"2025-09-25T12:26:50","slug":"innovatief-en-duurzaam-waterbeheer-met-phoslock-granulaat-auga-mixers-en-beluchters","status":"publish","type":"page","link":"https:\/\/auga.nl\/technology\/fr\/innovatief-en-duurzaam-waterbeheer-met-phoslock-granulaat-auga-mixers-en-beluchters\/","title":{"rendered":"Gestion innovante et durable de l&rsquo;eau avec Phoslock\u00ae, m\u00e9langeurs et a\u00e9rateurs AUGA"},"content":{"rendered":"\n<h2 class=\"wp-block-heading\"><strong>Il faut parfois donner un coup de main \u00e0 la nature<\/strong><\/h2>\n\n<p>Une gestion durable et efficace de l&rsquo;eau est essentielle pour les gouvernements et les op\u00e9rateurs de loisirs qui s&rsquo;efforcent d&rsquo;obtenir une qualit\u00e9 d&rsquo;eau saine et attrayante. La combinaison de Phoslock\u00ae, de m\u00e9langeurs et d&rsquo;a\u00e9rateurs offre une solution int\u00e9gr\u00e9e pour l&rsquo;am\u00e9lioration et la conservation des masses d&rsquo;eau, avec des avantages allant au-del\u00e0 des m\u00e9thodes traditionnelles. <\/p>\n\n<div class=\"wp-block-columns is-layout-flex wp-container-core-columns-is-layout-28f84493 wp-block-columns-is-layout-flex\">\n<div class=\"wp-block-column is-layout-flow wp-block-column-is-layout-flow\" style=\"flex-basis:100%\">\n<div class=\"wp-block-columns is-layout-flex wp-container-core-columns-is-layout-28f84493 wp-block-columns-is-layout-flex\">\n<div class=\"wp-block-column is-layout-flow wp-block-column-is-layout-flow\" style=\"flex-basis:100%\">\n<figure class=\"wp-block-gallery has-nested-images columns-default is-cropped wp-block-gallery-1 is-layout-flex wp-block-gallery-is-layout-flex\">\n<figure class=\"wp-block-image size-large\"><img fetchpriority=\"high\" decoding=\"async\" width=\"1000\" height=\"1000\" data-id=\"11863\" src=\"https:\/\/auga.nl\/technology\/wp-content\/uploads\/sites\/2\/2025\/04\/AUGA-Phoslock-verspreiden-slang-1.png\" alt=\"\" class=\"wp-image-11863\" srcset=\"https:\/\/auga.nl\/technology\/wp-content\/uploads\/sites\/2\/2025\/04\/AUGA-Phoslock-verspreiden-slang-1.png 1000w, https:\/\/auga.nl\/technology\/wp-content\/uploads\/sites\/2\/2025\/04\/AUGA-Phoslock-verspreiden-slang-1-300x300.png 300w, https:\/\/auga.nl\/technology\/wp-content\/uploads\/sites\/2\/2025\/04\/AUGA-Phoslock-verspreiden-slang-1-150x150.png 150w, https:\/\/auga.nl\/technology\/wp-content\/uploads\/sites\/2\/2025\/04\/AUGA-Phoslock-verspreiden-slang-1-768x768.png 768w\" sizes=\"(max-width: 1000px) 100vw, 1000px\" \/><\/figure>\n\n\n\n<figure class=\"wp-block-image size-large\"><img decoding=\"async\" width=\"1000\" height=\"1000\" data-id=\"11861\" src=\"https:\/\/auga.nl\/technology\/wp-content\/uploads\/sites\/2\/2025\/04\/AUGA-Phoslock-korrels-1.png\" alt=\"\" class=\"wp-image-11861\" srcset=\"https:\/\/auga.nl\/technology\/wp-content\/uploads\/sites\/2\/2025\/04\/AUGA-Phoslock-korrels-1.png 1000w, https:\/\/auga.nl\/technology\/wp-content\/uploads\/sites\/2\/2025\/04\/AUGA-Phoslock-korrels-1-300x300.png 300w, https:\/\/auga.nl\/technology\/wp-content\/uploads\/sites\/2\/2025\/04\/AUGA-Phoslock-korrels-1-150x150.png 150w, https:\/\/auga.nl\/technology\/wp-content\/uploads\/sites\/2\/2025\/04\/AUGA-Phoslock-korrels-1-768x768.png 768w\" sizes=\"(max-width: 1000px) 100vw, 1000px\" \/><\/figure>\n\n\n\n<figure class=\"wp-block-image size-large\"><img decoding=\"async\" width=\"1000\" height=\"1000\" data-id=\"11862\" src=\"https:\/\/auga.nl\/technology\/wp-content\/uploads\/sites\/2\/2025\/04\/AUGA-Phoslock-verspreiden-boot-1.png\" alt=\"\" class=\"wp-image-11862\" srcset=\"https:\/\/auga.nl\/technology\/wp-content\/uploads\/sites\/2\/2025\/04\/AUGA-Phoslock-verspreiden-boot-1.png 1000w, https:\/\/auga.nl\/technology\/wp-content\/uploads\/sites\/2\/2025\/04\/AUGA-Phoslock-verspreiden-boot-1-300x300.png 300w, https:\/\/auga.nl\/technology\/wp-content\/uploads\/sites\/2\/2025\/04\/AUGA-Phoslock-verspreiden-boot-1-150x150.png 150w, https:\/\/auga.nl\/technology\/wp-content\/uploads\/sites\/2\/2025\/04\/AUGA-Phoslock-verspreiden-boot-1-768x768.png 768w\" sizes=\"(max-width: 1000px) 100vw, 1000px\" \/><\/figure>\n<\/figure>\n<\/div>\n<\/div>\n<\/div>\n<\/div>\n\n<div class=\"wp-block-columns is-layout-flex wp-container-core-columns-is-layout-28f84493 wp-block-columns-is-layout-flex\">\n<div class=\"wp-block-column is-layout-flow wp-block-column-is-layout-flow\" style=\"flex-basis:100%\">\n<h2 class=\"wp-block-heading\"><strong>R\u00e9duction efficace du phosphore<\/strong><br \/><\/h2>\n\n\n\n<p>Phoslock\u00ae est une argile innovante modifi\u00e9e au lanthane utilis\u00e9e dans plus de 300 applications dans le monde entier pour la r\u00e9duction du phosphore dans l&rsquo;eau. En liant de mani\u00e8re s\u00fbre et en \u00e9liminant de mani\u00e8re permanente l&rsquo;exc\u00e8s de phosphore de la colonne d&rsquo;eau, Phoslock\u00ae aide \u00e0 pr\u00e9venir l&rsquo;eutrophisation et contribue \u00e0 un \u00e9cosyst\u00e8me aquatique durable et sain. <\/p>\n\n\n\n<h2 class=\"wp-block-heading\"><br \/><br \/><strong>M\u00e9langeurs et a\u00e9rateurs : optimiser la qualit\u00e9 de l&rsquo;eau<\/strong><\/h2>\n\n\n\n<p>En soutien \u00e0 Phoslock\u00ae, les m\u00e9langeurs et les a\u00e9rateurs jouent un r\u00f4le crucial dans l&rsquo;am\u00e9lioration de la qualit\u00e9 de l&rsquo;eau :<\/p>\n\n\n\n<ul class=\"wp-block-list\">\n<li><strong>Am\u00e9lioration de l&rsquo;oxyg\u00e9nation : les<\/strong> a\u00e9rateurs introduisent de l&rsquo;oxyg\u00e8ne directement dans l&rsquo;eau, ce qui est b\u00e9n\u00e9fique pour l&rsquo;\u00e9cosyst\u00e8me et aide \u00e0 pr\u00e9venir la mortalit\u00e9 des poissons.<\/li>\n\n\n\n<li><strong>Circulation efficace :<\/strong> Les agitateurs assurent une distribution uniforme de l&rsquo;oxyg\u00e8ne et des nutriments, \u00e9vitant ainsi la stagnation de l&rsquo;eau.<\/li>\n\n\n\n<li><strong>Largement applicable :<\/strong> Convient \u00e0 diverses applications, des \u00e9tangs urbains et lacs de loisirs aux stations d&rsquo;\u00e9puration des eaux us\u00e9es et aux zones naturelles.<\/li>\n<\/ul>\n\n\n\n<figure class=\"wp-block-gallery has-nested-images columns-default is-cropped wp-block-gallery-2 is-layout-flex wp-block-gallery-is-layout-flex\">\n<figure class=\"wp-block-image size-large\"><img loading=\"lazy\" decoding=\"async\" width=\"1000\" height=\"1000\" data-id=\"11854\" src=\"https:\/\/auga.nl\/technology\/wp-content\/uploads\/sites\/2\/2025\/04\/Naamloos-68-1.png\" alt=\"\" class=\"wp-image-11854\" srcset=\"https:\/\/auga.nl\/technology\/wp-content\/uploads\/sites\/2\/2025\/04\/Naamloos-68-1.png 1000w, https:\/\/auga.nl\/technology\/wp-content\/uploads\/sites\/2\/2025\/04\/Naamloos-68-1-300x300.png 300w, https:\/\/auga.nl\/technology\/wp-content\/uploads\/sites\/2\/2025\/04\/Naamloos-68-1-150x150.png 150w, https:\/\/auga.nl\/technology\/wp-content\/uploads\/sites\/2\/2025\/04\/Naamloos-68-1-768x768.png 768w\" sizes=\"(max-width: 1000px) 100vw, 1000px\" \/><figcaption class=\"wp-element-caption\"><em>Syst\u00e8me combin\u00e9 avec m\u00e9langeurs\/ a\u00e9rateurs<\/em><strong> <\/strong><\/figcaption><\/figure>\n\n\n\n<figure class=\"wp-block-image size-large\"><img loading=\"lazy\" decoding=\"async\" width=\"1000\" height=\"1000\" data-id=\"11855\" src=\"https:\/\/auga.nl\/technology\/wp-content\/uploads\/sites\/2\/2025\/04\/Naamloos-69-1.png\" alt=\"\" class=\"wp-image-11855\" srcset=\"https:\/\/auga.nl\/technology\/wp-content\/uploads\/sites\/2\/2025\/04\/Naamloos-69-1.png 1000w, https:\/\/auga.nl\/technology\/wp-content\/uploads\/sites\/2\/2025\/04\/Naamloos-69-1-300x300.png 300w, https:\/\/auga.nl\/technology\/wp-content\/uploads\/sites\/2\/2025\/04\/Naamloos-69-1-150x150.png 150w, https:\/\/auga.nl\/technology\/wp-content\/uploads\/sites\/2\/2025\/04\/Naamloos-69-1-768x768.png 768w\" sizes=\"(max-width: 1000px) 100vw, 1000px\" \/><figcaption class=\"wp-element-caption\"><em>M\u00e9langeur AirFlow\/\u00e9vacuation d&rsquo;air<\/em><\/figcaption><\/figure>\n<\/figure>\n\n\n\n<p><br \/><\/p>\n<\/div>\n<\/div>\n\n<p><br \/><\/p>\n\n<h2 class=\"wp-block-heading\"><strong>La puissance de l&rsquo;approche combin\u00e9e<\/strong><\/h2>\n\n<p>La synergie entre Phoslock\u00ae, les m\u00e9langeurs et les a\u00e9rateurs garantit une approche durable et efficace de la gestion de l&rsquo;eau :<\/p>\n\n<ul class=\"wp-block-list\">\n<li><strong>Gestion efficace des nutriments :<\/strong> tandis que Phoslock\u00ae \u00e9limine le phosphore de l&rsquo;eau, les m\u00e9langeurs et les a\u00e9rateurs am\u00e9liorent la distribution des nutriments et de l&rsquo;oxyg\u00e8ne.<\/li>\n\n\n\n<li><strong>Lutte contre les algues :<\/strong> la r\u00e9duction du phosphore et l&rsquo;augmentation des niveaux d&rsquo;oxyg\u00e8ne inhibent la croissance des algues.<\/li>\n\n\n\n<li><strong>Am\u00e9lioration de la biodiversit\u00e9 :<\/strong> un environnement aquatique plus sain favorise une flore et une faune riches et diversifi\u00e9es.<\/li>\n\n\n\n<li><strong>Solution rentable :<\/strong> des \u00e9conomies \u00e0 long terme sont r\u00e9alis\u00e9es en r\u00e9duisant la n\u00e9cessit\u00e9 de traitements et d&rsquo;entretiens fr\u00e9quents.<\/li>\n<\/ul>\n\n<p><\/p>\n\n<p><em><a href=\"https:\/\/auga.nl\/technology\/wp-content\/uploads\/sites\/2\/2025\/03\/AUGA_Mixers-en-beluchters_NL_2025.pdf\">Cliquez ici pour en savoir plus sur les m\u00e9langeurs et les a\u00e9rateurs  <\/a> <\/em><\/p>\n\n<h2 class=\"wp-block-heading\"><strong>Pourquoi choisir Phoslock\u00ae ?<\/strong><\/h2>\n\n<p>Phoslock offre une solution \u00e9prouv\u00e9e pour le contr\u00f4le du phosphate soluble dans les plans d&rsquo;eau. Dans les trois heures suivant l&rsquo;application, il peut \u00e9liminer plus de 90 % du phosphate disponible dans la colonne d&rsquo;eau et reste efficace \u00e0 diff\u00e9rents niveaux de pH (4 \u00e0 11) et dans des conditions de manque d&rsquo;oxyg\u00e8ne. Comme Phoslock d\u00e9pose le phosphore dans les s\u00e9diments apr\u00e8s sa fixation, il emp\u00eache \u00e9galement les rejets futurs de phosphates et contribue \u00e0 la qualit\u00e9 de l&rsquo;eau \u00e0 long terme.  <\/p>\n\n<p>En investissant dans la combinaison de Phoslock\u00ae, de m\u00e9langeurs et d&rsquo;a\u00e9rateurs, les gouvernements et les entreprises de loisirs peuvent am\u00e9liorer la qualit\u00e9 de l&rsquo;eau de mani\u00e8re innovante et durable. Cette approche int\u00e9gr\u00e9e contribue \u00e0 un environnement de vie plus propre, \u00e0 une valeur \u00e9cologique accrue et \u00e0 une exp\u00e9rience r\u00e9cr\u00e9ative attrayante \u00e0 long terme. <\/p>\n\n<p><em><a href=\"https:\/\/auga.nl\/technology\/wp-content\/uploads\/sites\/2\/2025\/04\/Phoslock-Dutch-NL-AUGA.pdf\">Cliquez ici pour en savoir plus sur le fonctionnement de Phoslock\u00ae.<\/a><\/em><\/p>\n\n<p><\/p>\n","protected":false},"excerpt":{"rendered":"<p>Il faut parfois donner un coup de main \u00e0 la nature Une gestion durable et efficace de l&rsquo;eau est essentielle pour les gouvernements et les op\u00e9rateurs de loisirs qui s&rsquo;efforcent d&rsquo;obtenir une qualit\u00e9 d&rsquo;eau saine et attrayante. La combinaison de Phoslock\u00ae, de m\u00e9langeurs et d&rsquo;a\u00e9rateurs offre une solution int\u00e9gr\u00e9e pour l&rsquo;am\u00e9lioration et la conservation des [&hellip;]<\/p>\n","protected":false},"author":10,"featured_media":13217,"parent":0,"menu_order":0,"comment_status":"closed","ping_status":"closed","template":"","meta":{"_acf_changed":false,"footnotes":""},"class_list":["post-13371","page","type-page","status-publish","has-post-thumbnail","hentry"],"acf":[],"yoast_head":"<!-- This site is optimized with the Yoast SEO plugin v27.3 - https:\/\/yoast.com\/product\/yoast-seo-wordpress\/ -->\n<title>Gestion innovante et durable de l&#039;eau avec Phoslock\u00ae, m\u00e9langeurs et a\u00e9rateurs AUGA - AUGA Technology<\/title>\n<meta name=\"robots\" content=\"index, follow, max-snippet:-1, max-image-preview:large, max-video-preview:-1\" \/>\n<link rel=\"canonical\" href=\"https:\/\/auga.nl\/technology\/fr\/innovatief-en-duurzaam-waterbeheer-met-phoslock-granulaat-auga-mixers-en-beluchters\/\" \/>\n<meta property=\"og:locale\" content=\"fr_FR\" \/>\n<meta property=\"og:type\" content=\"article\" \/>\n<meta property=\"og:title\" content=\"Gestion innovante et durable de l&#039;eau avec Phoslock\u00ae, m\u00e9langeurs et a\u00e9rateurs AUGA - AUGA Technology\" \/>\n<meta property=\"og:description\" content=\"Il faut parfois donner un coup de main \u00e0 la nature Une gestion durable et efficace de l&rsquo;eau est essentielle pour les gouvernements et les op\u00e9rateurs de loisirs qui s&rsquo;efforcent d&rsquo;obtenir une qualit\u00e9 d&rsquo;eau saine et attrayante. La combinaison de Phoslock\u00ae, de m\u00e9langeurs et d&rsquo;a\u00e9rateurs offre une solution int\u00e9gr\u00e9e pour l&rsquo;am\u00e9lioration et la conservation des [&hellip;]\" \/>\n<meta property=\"og:url\" content=\"https:\/\/auga.nl\/technology\/fr\/innovatief-en-duurzaam-waterbeheer-met-phoslock-granulaat-auga-mixers-en-beluchters\/\" \/>\n<meta property=\"og:site_name\" content=\"AUGA Technology\" \/>\n<meta property=\"article:modified_time\" content=\"2025-09-25T12:26:50+00:00\" \/>\n<meta property=\"og:image\" content=\"https:\/\/auga.nl\/technology\/wp-content\/uploads\/sites\/2\/2025\/04\/Naamloos-67-1024x512.png\" \/>\n\t<meta property=\"og:image:width\" content=\"1024\" \/>\n\t<meta property=\"og:image:height\" content=\"512\" \/>\n\t<meta property=\"og:image:type\" content=\"image\/png\" \/>\n<meta name=\"twitter:card\" content=\"summary_large_image\" \/>\n<meta name=\"twitter:label1\" content=\"Dur\u00e9e de lecture estim\u00e9e\" \/>\n\t<meta name=\"twitter:data1\" content=\"3 minutes\" \/>\n<script type=\"application\/ld+json\" class=\"yoast-schema-graph\">{\"@context\":\"https:\\\/\\\/schema.org\",\"@graph\":[{\"@type\":\"WebPage\",\"@id\":\"https:\\\/\\\/auga.nl\\\/technology\\\/fr\\\/innovatief-en-duurzaam-waterbeheer-met-phoslock-granulaat-auga-mixers-en-beluchters\\\/\",\"url\":\"https:\\\/\\\/auga.nl\\\/technology\\\/fr\\\/innovatief-en-duurzaam-waterbeheer-met-phoslock-granulaat-auga-mixers-en-beluchters\\\/\",\"name\":\"Gestion innovante et durable de l'eau avec Phoslock\u00ae, m\u00e9langeurs et a\u00e9rateurs AUGA - AUGA Technology\",\"isPartOf\":{\"@id\":\"https:\\\/\\\/auga.nl\\\/technology\\\/fr\\\/#website\"},\"primaryImageOfPage\":{\"@id\":\"https:\\\/\\\/auga.nl\\\/technology\\\/fr\\\/innovatief-en-duurzaam-waterbeheer-met-phoslock-granulaat-auga-mixers-en-beluchters\\\/#primaryimage\"},\"image\":{\"@id\":\"https:\\\/\\\/auga.nl\\\/technology\\\/fr\\\/innovatief-en-duurzaam-waterbeheer-met-phoslock-granulaat-auga-mixers-en-beluchters\\\/#primaryimage\"},\"thumbnailUrl\":\"https:\\\/\\\/auga.nl\\\/technology\\\/wp-content\\\/uploads\\\/sites\\\/2\\\/2025\\\/04\\\/Naamloos-67.png\",\"datePublished\":\"2025-04-03T12:44:34+00:00\",\"dateModified\":\"2025-09-25T12:26:50+00:00\",\"breadcrumb\":{\"@id\":\"https:\\\/\\\/auga.nl\\\/technology\\\/fr\\\/innovatief-en-duurzaam-waterbeheer-met-phoslock-granulaat-auga-mixers-en-beluchters\\\/#breadcrumb\"},\"inLanguage\":\"fr-FR\",\"potentialAction\":[{\"@type\":\"ReadAction\",\"target\":[\"https:\\\/\\\/auga.nl\\\/technology\\\/fr\\\/innovatief-en-duurzaam-waterbeheer-met-phoslock-granulaat-auga-mixers-en-beluchters\\\/\"]}]},{\"@type\":\"ImageObject\",\"inLanguage\":\"fr-FR\",\"@id\":\"https:\\\/\\\/auga.nl\\\/technology\\\/fr\\\/innovatief-en-duurzaam-waterbeheer-met-phoslock-granulaat-auga-mixers-en-beluchters\\\/#primaryimage\",\"url\":\"https:\\\/\\\/auga.nl\\\/technology\\\/wp-content\\\/uploads\\\/sites\\\/2\\\/2025\\\/04\\\/Naamloos-67.png\",\"contentUrl\":\"https:\\\/\\\/auga.nl\\\/technology\\\/wp-content\\\/uploads\\\/sites\\\/2\\\/2025\\\/04\\\/Naamloos-67.png\",\"width\":2000,\"height\":1000},{\"@type\":\"BreadcrumbList\",\"@id\":\"https:\\\/\\\/auga.nl\\\/technology\\\/fr\\\/innovatief-en-duurzaam-waterbeheer-met-phoslock-granulaat-auga-mixers-en-beluchters\\\/#breadcrumb\",\"itemListElement\":[{\"@type\":\"ListItem\",\"position\":1,\"name\":\"Home\",\"item\":\"https:\\\/\\\/auga.nl\\\/technology\\\/fr\\\/homepage\\\/\"},{\"@type\":\"ListItem\",\"position\":2,\"name\":\"Gestion innovante et durable de l&rsquo;eau avec Phoslock\u00ae, m\u00e9langeurs et a\u00e9rateurs AUGA\"}]},{\"@type\":\"WebSite\",\"@id\":\"https:\\\/\\\/auga.nl\\\/technology\\\/fr\\\/#website\",\"url\":\"https:\\\/\\\/auga.nl\\\/technology\\\/fr\\\/\",\"name\":\"AUGA Technology\",\"description\":\"Herstel en optimalisatie van waterkwaliteit\",\"publisher\":{\"@id\":\"https:\\\/\\\/auga.nl\\\/technology\\\/fr\\\/#organization\"},\"potentialAction\":[{\"@type\":\"SearchAction\",\"target\":{\"@type\":\"EntryPoint\",\"urlTemplate\":\"https:\\\/\\\/auga.nl\\\/technology\\\/fr\\\/?s={search_term_string}\"},\"query-input\":{\"@type\":\"PropertyValueSpecification\",\"valueRequired\":true,\"valueName\":\"search_term_string\"}}],\"inLanguage\":\"fr-FR\"},{\"@type\":\"Organization\",\"@id\":\"https:\\\/\\\/auga.nl\\\/technology\\\/fr\\\/#organization\",\"name\":\"AUGA Technology\",\"url\":\"https:\\\/\\\/auga.nl\\\/technology\\\/fr\\\/\",\"logo\":{\"@type\":\"ImageObject\",\"inLanguage\":\"fr-FR\",\"@id\":\"https:\\\/\\\/auga.nl\\\/technology\\\/fr\\\/#\\\/schema\\\/logo\\\/image\\\/\",\"url\":\"https:\\\/\\\/auga.nl\\\/technology\\\/wp-content\\\/uploads\\\/sites\\\/2\\\/2025\\\/03\\\/Logo.png\",\"contentUrl\":\"https:\\\/\\\/auga.nl\\\/technology\\\/wp-content\\\/uploads\\\/sites\\\/2\\\/2025\\\/03\\\/Logo.png\",\"width\":1380,\"height\":654,\"caption\":\"AUGA Technology\"},\"image\":{\"@id\":\"https:\\\/\\\/auga.nl\\\/technology\\\/fr\\\/#\\\/schema\\\/logo\\\/image\\\/\"}}]}<\/script>\n<!-- \/ Yoast SEO plugin. -->","yoast_head_json":{"title":"Gestion innovante et durable de l'eau avec Phoslock\u00ae, m\u00e9langeurs et a\u00e9rateurs AUGA - AUGA Technology","robots":{"index":"index","follow":"follow","max-snippet":"max-snippet:-1","max-image-preview":"max-image-preview:large","max-video-preview":"max-video-preview:-1"},"canonical":"https:\/\/auga.nl\/technology\/fr\/innovatief-en-duurzaam-waterbeheer-met-phoslock-granulaat-auga-mixers-en-beluchters\/","og_locale":"fr_FR","og_type":"article","og_title":"Gestion innovante et durable de l'eau avec Phoslock\u00ae, m\u00e9langeurs et a\u00e9rateurs AUGA - AUGA Technology","og_description":"Il faut parfois donner un coup de main \u00e0 la nature Une gestion durable et efficace de l&rsquo;eau est essentielle pour les gouvernements et les op\u00e9rateurs de loisirs qui s&rsquo;efforcent d&rsquo;obtenir une qualit\u00e9 d&rsquo;eau saine et attrayante. La combinaison de Phoslock\u00ae, de m\u00e9langeurs et d&rsquo;a\u00e9rateurs offre une solution int\u00e9gr\u00e9e pour l&rsquo;am\u00e9lioration et la conservation des [&hellip;]","og_url":"https:\/\/auga.nl\/technology\/fr\/innovatief-en-duurzaam-waterbeheer-met-phoslock-granulaat-auga-mixers-en-beluchters\/","og_site_name":"AUGA Technology","article_modified_time":"2025-09-25T12:26:50+00:00","og_image":[{"width":1024,"height":512,"url":"https:\/\/auga.nl\/technology\/wp-content\/uploads\/sites\/2\/2025\/04\/Naamloos-67-1024x512.png","type":"image\/png"}],"twitter_card":"summary_large_image","twitter_misc":{"Dur\u00e9e de lecture estim\u00e9e":"3 minutes"},"schema":{"@context":"https:\/\/schema.org","@graph":[{"@type":"WebPage","@id":"https:\/\/auga.nl\/technology\/fr\/innovatief-en-duurzaam-waterbeheer-met-phoslock-granulaat-auga-mixers-en-beluchters\/","url":"https:\/\/auga.nl\/technology\/fr\/innovatief-en-duurzaam-waterbeheer-met-phoslock-granulaat-auga-mixers-en-beluchters\/","name":"Gestion innovante et durable de l'eau avec Phoslock\u00ae, m\u00e9langeurs et a\u00e9rateurs AUGA - AUGA Technology","isPartOf":{"@id":"https:\/\/auga.nl\/technology\/fr\/#website"},"primaryImageOfPage":{"@id":"https:\/\/auga.nl\/technology\/fr\/innovatief-en-duurzaam-waterbeheer-met-phoslock-granulaat-auga-mixers-en-beluchters\/#primaryimage"},"image":{"@id":"https:\/\/auga.nl\/technology\/fr\/innovatief-en-duurzaam-waterbeheer-met-phoslock-granulaat-auga-mixers-en-beluchters\/#primaryimage"},"thumbnailUrl":"https:\/\/auga.nl\/technology\/wp-content\/uploads\/sites\/2\/2025\/04\/Naamloos-67.png","datePublished":"2025-04-03T12:44:34+00:00","dateModified":"2025-09-25T12:26:50+00:00","breadcrumb":{"@id":"https:\/\/auga.nl\/technology\/fr\/innovatief-en-duurzaam-waterbeheer-met-phoslock-granulaat-auga-mixers-en-beluchters\/#breadcrumb"},"inLanguage":"fr-FR","potentialAction":[{"@type":"ReadAction","target":["https:\/\/auga.nl\/technology\/fr\/innovatief-en-duurzaam-waterbeheer-met-phoslock-granulaat-auga-mixers-en-beluchters\/"]}]},{"@type":"ImageObject","inLanguage":"fr-FR","@id":"https:\/\/auga.nl\/technology\/fr\/innovatief-en-duurzaam-waterbeheer-met-phoslock-granulaat-auga-mixers-en-beluchters\/#primaryimage","url":"https:\/\/auga.nl\/technology\/wp-content\/uploads\/sites\/2\/2025\/04\/Naamloos-67.png","contentUrl":"https:\/\/auga.nl\/technology\/wp-content\/uploads\/sites\/2\/2025\/04\/Naamloos-67.png","width":2000,"height":1000},{"@type":"BreadcrumbList","@id":"https:\/\/auga.nl\/technology\/fr\/innovatief-en-duurzaam-waterbeheer-met-phoslock-granulaat-auga-mixers-en-beluchters\/#breadcrumb","itemListElement":[{"@type":"ListItem","position":1,"name":"Home","item":"https:\/\/auga.nl\/technology\/fr\/homepage\/"},{"@type":"ListItem","position":2,"name":"Gestion innovante et durable de l&rsquo;eau avec Phoslock\u00ae, m\u00e9langeurs et a\u00e9rateurs AUGA"}]},{"@type":"WebSite","@id":"https:\/\/auga.nl\/technology\/fr\/#website","url":"https:\/\/auga.nl\/technology\/fr\/","name":"AUGA Technology","description":"Herstel en optimalisatie van waterkwaliteit","publisher":{"@id":"https:\/\/auga.nl\/technology\/fr\/#organization"},"potentialAction":[{"@type":"SearchAction","target":{"@type":"EntryPoint","urlTemplate":"https:\/\/auga.nl\/technology\/fr\/?s={search_term_string}"},"query-input":{"@type":"PropertyValueSpecification","valueRequired":true,"valueName":"search_term_string"}}],"inLanguage":"fr-FR"},{"@type":"Organization","@id":"https:\/\/auga.nl\/technology\/fr\/#organization","name":"AUGA Technology","url":"https:\/\/auga.nl\/technology\/fr\/","logo":{"@type":"ImageObject","inLanguage":"fr-FR","@id":"https:\/\/auga.nl\/technology\/fr\/#\/schema\/logo\/image\/","url":"https:\/\/auga.nl\/technology\/wp-content\/uploads\/sites\/2\/2025\/03\/Logo.png","contentUrl":"https:\/\/auga.nl\/technology\/wp-content\/uploads\/sites\/2\/2025\/03\/Logo.png","width":1380,"height":654,"caption":"AUGA Technology"},"image":{"@id":"https:\/\/auga.nl\/technology\/fr\/#\/schema\/logo\/image\/"}}]}},"_links":{"self":[{"href":"https:\/\/auga.nl\/technology\/fr\/wp-json\/wp\/v2\/pages\/13371","targetHints":{"allow":["GET"]}}],"collection":[{"href":"https:\/\/auga.nl\/technology\/fr\/wp-json\/wp\/v2\/pages"}],"about":[{"href":"https:\/\/auga.nl\/technology\/fr\/wp-json\/wp\/v2\/types\/page"}],"author":[{"embeddable":true,"href":"https:\/\/auga.nl\/technology\/fr\/wp-json\/wp\/v2\/users\/10"}],"replies":[{"embeddable":true,"href":"https:\/\/auga.nl\/technology\/fr\/wp-json\/wp\/v2\/comments?post=13371"}],"version-history":[{"count":2,"href":"https:\/\/auga.nl\/technology\/fr\/wp-json\/wp\/v2\/pages\/13371\/revisions"}],"predecessor-version":[{"id":13391,"href":"https:\/\/auga.nl\/technology\/fr\/wp-json\/wp\/v2\/pages\/13371\/revisions\/13391"}],"wp:featuredmedia":[{"embeddable":true,"href":"https:\/\/auga.nl\/technology\/fr\/wp-json\/wp\/v2\/media\/13217"}],"wp:attachment":[{"href":"https:\/\/auga.nl\/technology\/fr\/wp-json\/wp\/v2\/media?parent=13371"}],"curies":[{"name":"wp","href":"https:\/\/api.w.org\/{rel}","templated":true}]}}