{"id":13387,"date":"2025-09-03T08:47:07","date_gmt":"2025-09-03T08:47:07","guid":{"rendered":"https:\/\/auga.nl\/technology\/cookie-policy\/"},"modified":"2025-09-25T13:11:30","modified_gmt":"2025-09-25T13:11:30","slug":"cookie-policy","status":"publish","type":"page","link":"https:\/\/auga.nl\/technology\/fr\/cookie-policy\/","title":{"rendered":"Politique en mati\u00e8re de cookies"},"content":{"rendered":"\n<h1 class=\"wp-block-heading\"><strong>Politique en mati\u00e8re de cookies Auga B.V.<\/strong><\/h1>\n\n<p><strong>Derni\u00e8re mise \u00e0 jour :<\/strong> 5 ao\u00fbt 2025<\/p>\n\n<p>La pr\u00e9sente d\u00e9claration s&rsquo;applique \u00e0 l&rsquo;utilisation de cookies sur le site web<a href=\"https:\/\/auga.nl\"> <\/a><a href=\"http:\/\/auga.nl\">auga.co.uk<\/a>. Auga B.V., bas\u00e9 \u00e0 Hengelo (Gld) Pays-Bas, est responsable du traitement des donn\u00e9es personnelles tel que d\u00e9crit dans cette d\u00e9claration. <\/p>\n\n<h2 class=\"wp-block-heading\"><strong>Qu&rsquo;est-ce qu&rsquo;un biscuit ?<\/strong><\/h2>\n\n<p>Les cookies sont de petits fichiers texte qui sont stock\u00e9s sur votre ordinateur, votre tablette ou votre smartphone lorsque vous visitez un site web. Ils sont utilis\u00e9s pour assurer le bon fonctionnement des sites web, am\u00e9liorer l&rsquo;exp\u00e9rience des utilisateurs, analyser leur comportement et personnaliser les publicit\u00e9s. <\/p>\n\n<h2 class=\"wp-block-heading\"><strong>Pourquoi utilisons-nous des cookies ?<\/strong><\/h2>\n\n<p>Nous utilisons des cookies pour :<\/p>\n\n<ul class=\"wp-block-list\">\n<li>assurer le bon fonctionnement de notre site web ;<br\/><\/li>\n\n\n\n<li>de mieux comprendre le comportement des visiteurs ;<br\/><\/li>\n\n\n\n<li>analyser les performances de notre site ;<br\/><\/li>\n\n\n\n<li>\u00eatre en mesure d&rsquo;afficher des publicit\u00e9s cibl\u00e9es ;<br\/><\/li>\n\n\n\n<li>mesurer les formes et les interactions.<br\/><\/li>\n<\/ul>\n\n<h2 class=\"wp-block-heading\"><strong>Quels sont les cookies que nous utilisons ?<\/strong><\/h2>\n\n<p>Vous trouverez ci-dessous un aper\u00e7u des cookies que nous utilisons, r\u00e9partis en diff\u00e9rentes cat\u00e9gories :<\/p>\n\n<hr class=\"wp-block-separator has-alpha-channel-opacity\"\/>\n\n<h3 class=\"wp-block-heading\"><strong>1. Cookies fonctionnels (n\u00e9cessaires)<\/strong><\/h3>\n\n<p>Ces cookies sont n\u00e9cessaires au fonctionnement des fonctions de base du site web, telles que la m\u00e9morisation des pr\u00e9f\u00e9rences en mati\u00e8re de cookies ou le chargement correct des pages.<\/p>\n\n<ul class=\"wp-block-list\">\n<li>68publishers\/cookieconsent : enregistre si vous avez donn\u00e9 votre consentement.<br\/><\/li>\n<\/ul>\n\n<hr class=\"wp-block-separator has-alpha-channel-opacity\"\/>\n\n<h3 class=\"wp-block-heading\"><strong>2. Cookies analytiques<\/strong><\/h3>\n\n<h4 class=\"wp-block-heading\"><strong>Google Analytics<\/strong><\/h4>\n\n<p>Nous utilisons Google Analytics pour \u00e9tablir des statistiques sur l&rsquo;utilisation de notre site web. Les adresses IP sont anonymis\u00e9es et les donn\u00e9es ne sont pas partag\u00e9es avec d&rsquo;autres services Google. <\/p>\n\n<ul class=\"wp-block-list\">\n<li>Donn\u00e9es : pages vues, dur\u00e9e de la session, taux de rebond, etc.<br\/><\/li>\n\n\n\n<li>P\u00e9riode de conservation : par d\u00e9faut 2 ans (sauf indication contraire)<br\/><\/li>\n<\/ul>\n\n<h4 class=\"wp-block-heading\"><strong>Des analyses plausibles<\/strong><\/h4>\n\n<p>Nous utilisons \u00e9galement Plausible comme alternative respectueuse de la vie priv\u00e9e pour obtenir des informations suppl\u00e9mentaires. Plausible ne collecte pas de donn\u00e9es personnelles et ne place pas de cookies de suivi. <\/p>\n\n<hr class=\"wp-block-separator has-alpha-channel-opacity\"\/>\n\n<h3 class=\"wp-block-heading\"><strong>3. Cookies de marketing et de suivi<\/strong><\/h3>\n\n<h4 class=\"wp-block-heading\"><strong>Pixel Facebook<\/strong><\/h4>\n\n<p>Ce cookie enregistre le comportement de l&rsquo;utilisateur sur notre site web afin que nous puissions afficher des publicit\u00e9s pertinentes sur Facebook\/Instagram. Les donn\u00e9es sont partag\u00e9es avec Meta Platforms. <\/p>\n\n<ul class=\"wp-block-list\">\n<li>Donn\u00e9es : pages vues, conversions, soumissions de formulaires<br\/><\/li>\n\n\n\n<li>Objectif : remarketing, mesures de conversion<br\/><\/li>\n\n\n\n<li>Conditions : seulement apr\u00e8s autorisation<br\/><\/li>\n<\/ul>\n\n<h4 class=\"wp-block-heading\"><strong>Leadinfo<\/strong><\/h4>\n\n<p>Leadinfo affiche les informations commerciales des visiteurs professionnels sur la base de l&rsquo;adresse IP. Les donn\u00e9es personnelles telles que le nom ou l&rsquo;adresse \u00e9lectronique ne sont pas enregistr\u00e9es, \u00e0 moins qu&rsquo;elles ne soient fournies activement. <\/p>\n\n<ul class=\"wp-block-list\">\n<li>Donn\u00e9es : Adresse IP, pages visit\u00e9es, donn\u00e9es relatives \u00e0 l&rsquo;organisation<br\/><\/li>\n\n\n\n<li>Objectif : reconnaissance et suivi des prospects B2B<br\/><\/li>\n<\/ul>\n\n<hr class=\"wp-block-separator has-alpha-channel-opacity\"\/>\n\n<h3 class=\"wp-block-heading\"><strong>4. Balises et scripts<\/strong><\/h3>\n\n<h4 class=\"wp-block-heading\"><strong>Google Tag Manager<\/strong><\/h4>\n\n<p>Google Tag Manager lui-m\u00eame ne d\u00e9finit pas de cookies, mais agit comme un conteneur pour charger d&rsquo;autres scripts (tels que Facebook Pixel et Google Analytics) de mani\u00e8re contr\u00f4l\u00e9e.<\/p>\n\n<hr class=\"wp-block-separator has-alpha-channel-opacity\"\/>\n\n<h2 class=\"wp-block-heading\"><strong>G\u00e9rer les param\u00e8tres des cookies<\/strong><\/h2>\n\n<p>Lors de votre premi\u00e8re visite sur notre site, nous affichons une banni\u00e8re de cookies. Vous pouvez y indiquer les cookies que vous acceptez. Vous pouvez modifier vos pr\u00e9f\u00e9rences \u00e0 tout moment en cliquant sur le lien situ\u00e9 en bas de page.  <\/p>\n\n<p>En outre, vous pouvez supprimer ou bloquer les cookies via les param\u00e8tres de votre navigateur.<br\/><\/p>\n\n<hr class=\"wp-block-separator has-alpha-channel-opacity\"\/>\n\n<h2 class=\"wp-block-heading\"><strong>Cookies de tiers<\/strong><\/h2>\n\n<p>Notre site web peut contenir des contenus provenant de tiers (tels que des vid\u00e9os ou des outils externes), qui peuvent eux-m\u00eames installer des cookies. Ces cookies sont soumis aux r\u00e8gles de la partie concern\u00e9e, comme Facebook ou Google. <\/p>\n\n<hr class=\"wp-block-separator has-alpha-channel-opacity\"\/>\n\n<h2 class=\"wp-block-heading\"><strong>Changements<\/strong><\/h2>\n\n<p>Nous nous r\u00e9servons le droit de modifier cette politique en mati\u00e8re de cookies. Veuillez consulter r\u00e9guli\u00e8rement cette page pour prendre connaissance des mises \u00e0 jour. La date en haut de page indique la date de la derni\u00e8re mise \u00e0 jour de ce document.  <\/p>\n\n<hr class=\"wp-block-separator has-alpha-channel-opacity\"\/>\n\n<h2 class=\"wp-block-heading\"><strong>Contact<\/strong><\/h2>\n\n<p>Pour toute question concernant cette politique en mati\u00e8re de cookies ou vos droits en mati\u00e8re de protection de la vie priv\u00e9e, contactez-nous :<\/p>\n\n<p><strong>Auga B.V.<\/strong><strong><br\/><\/strong>info@auga<a href=\"https:\/\/auga.nl\">.nl<br\/><\/a> https:\/\/auga.nl<\/p>\n","protected":false},"excerpt":{"rendered":"<p>Politique en mati\u00e8re de cookies Auga B.V. Derni\u00e8re mise \u00e0 jour : 5 ao\u00fbt 2025 La pr\u00e9sente d\u00e9claration s&rsquo;applique \u00e0 l&rsquo;utilisation de cookies sur le site web auga.co.uk. Auga B.V., bas\u00e9 \u00e0 Hengelo (Gld) Pays-Bas, est responsable du traitement des donn\u00e9es personnelles tel que d\u00e9crit dans cette d\u00e9claration. Qu&rsquo;est-ce qu&rsquo;un biscuit ? Les cookies sont [&hellip;]<\/p>\n","protected":false},"author":1,"featured_media":0,"parent":0,"menu_order":0,"comment_status":"closed","ping_status":"closed","template":"","meta":{"_acf_changed":false,"footnotes":""},"class_list":["post-13387","page","type-page","status-publish","hentry"],"acf":[],"yoast_head":"<!-- This site is optimized with the Yoast SEO plugin v27.3 - https:\/\/yoast.com\/product\/yoast-seo-wordpress\/ -->\n<title>Politique en mati\u00e8re de cookies - AUGA Technology<\/title>\n<meta name=\"robots\" content=\"index, follow, max-snippet:-1, max-image-preview:large, max-video-preview:-1\" \/>\n<link rel=\"canonical\" href=\"https:\/\/auga.nl\/technology\/fr\/cookie-policy\/\" \/>\n<meta property=\"og:locale\" content=\"fr_FR\" \/>\n<meta property=\"og:type\" content=\"article\" \/>\n<meta property=\"og:title\" content=\"Politique en mati\u00e8re de cookies - AUGA Technology\" \/>\n<meta property=\"og:description\" content=\"Politique en mati\u00e8re de cookies Auga B.V. Derni\u00e8re mise \u00e0 jour : 5 ao\u00fbt 2025 La pr\u00e9sente d\u00e9claration s&rsquo;applique \u00e0 l&rsquo;utilisation de cookies sur le site web auga.co.uk. Auga B.V., bas\u00e9 \u00e0 Hengelo (Gld) Pays-Bas, est responsable du traitement des donn\u00e9es personnelles tel que d\u00e9crit dans cette d\u00e9claration. Qu&rsquo;est-ce qu&rsquo;un biscuit ? Les cookies sont [&hellip;]\" \/>\n<meta property=\"og:url\" content=\"https:\/\/auga.nl\/technology\/fr\/cookie-policy\/\" \/>\n<meta property=\"og:site_name\" content=\"AUGA Technology\" \/>\n<meta property=\"article:modified_time\" content=\"2025-09-25T13:11:30+00:00\" \/>\n<meta name=\"twitter:card\" content=\"summary_large_image\" \/>\n<meta name=\"twitter:label1\" content=\"Dur\u00e9e de lecture estim\u00e9e\" \/>\n\t<meta name=\"twitter:data1\" content=\"3 minutes\" \/>\n<script type=\"application\/ld+json\" class=\"yoast-schema-graph\">{\"@context\":\"https:\\\/\\\/schema.org\",\"@graph\":[{\"@type\":\"WebPage\",\"@id\":\"https:\\\/\\\/auga.nl\\\/technology\\\/fr\\\/cookie-policy\\\/\",\"url\":\"https:\\\/\\\/auga.nl\\\/technology\\\/fr\\\/cookie-policy\\\/\",\"name\":\"Politique en mati\u00e8re de cookies - AUGA Technology\",\"isPartOf\":{\"@id\":\"https:\\\/\\\/auga.nl\\\/technology\\\/fr\\\/#website\"},\"datePublished\":\"2025-09-03T08:47:07+00:00\",\"dateModified\":\"2025-09-25T13:11:30+00:00\",\"breadcrumb\":{\"@id\":\"https:\\\/\\\/auga.nl\\\/technology\\\/fr\\\/cookie-policy\\\/#breadcrumb\"},\"inLanguage\":\"fr-FR\",\"potentialAction\":[{\"@type\":\"ReadAction\",\"target\":[\"https:\\\/\\\/auga.nl\\\/technology\\\/fr\\\/cookie-policy\\\/\"]}]},{\"@type\":\"BreadcrumbList\",\"@id\":\"https:\\\/\\\/auga.nl\\\/technology\\\/fr\\\/cookie-policy\\\/#breadcrumb\",\"itemListElement\":[{\"@type\":\"ListItem\",\"position\":1,\"name\":\"Home\",\"item\":\"https:\\\/\\\/auga.nl\\\/technology\\\/fr\\\/homepage\\\/\"},{\"@type\":\"ListItem\",\"position\":2,\"name\":\"Politique en mati\u00e8re de cookies\"}]},{\"@type\":\"WebSite\",\"@id\":\"https:\\\/\\\/auga.nl\\\/technology\\\/fr\\\/#website\",\"url\":\"https:\\\/\\\/auga.nl\\\/technology\\\/fr\\\/\",\"name\":\"AUGA Technology\",\"description\":\"Herstel en optimalisatie van waterkwaliteit\",\"publisher\":{\"@id\":\"https:\\\/\\\/auga.nl\\\/technology\\\/fr\\\/#organization\"},\"potentialAction\":[{\"@type\":\"SearchAction\",\"target\":{\"@type\":\"EntryPoint\",\"urlTemplate\":\"https:\\\/\\\/auga.nl\\\/technology\\\/fr\\\/?s={search_term_string}\"},\"query-input\":{\"@type\":\"PropertyValueSpecification\",\"valueRequired\":true,\"valueName\":\"search_term_string\"}}],\"inLanguage\":\"fr-FR\"},{\"@type\":\"Organization\",\"@id\":\"https:\\\/\\\/auga.nl\\\/technology\\\/fr\\\/#organization\",\"name\":\"AUGA Technology\",\"url\":\"https:\\\/\\\/auga.nl\\\/technology\\\/fr\\\/\",\"logo\":{\"@type\":\"ImageObject\",\"inLanguage\":\"fr-FR\",\"@id\":\"https:\\\/\\\/auga.nl\\\/technology\\\/fr\\\/#\\\/schema\\\/logo\\\/image\\\/\",\"url\":\"https:\\\/\\\/auga.nl\\\/technology\\\/wp-content\\\/uploads\\\/sites\\\/2\\\/2025\\\/03\\\/Logo.png\",\"contentUrl\":\"https:\\\/\\\/auga.nl\\\/technology\\\/wp-content\\\/uploads\\\/sites\\\/2\\\/2025\\\/03\\\/Logo.png\",\"width\":1380,\"height\":654,\"caption\":\"AUGA Technology\"},\"image\":{\"@id\":\"https:\\\/\\\/auga.nl\\\/technology\\\/fr\\\/#\\\/schema\\\/logo\\\/image\\\/\"}}]}<\/script>\n<!-- \/ Yoast SEO plugin. -->","yoast_head_json":{"title":"Politique en mati\u00e8re de cookies - AUGA Technology","robots":{"index":"index","follow":"follow","max-snippet":"max-snippet:-1","max-image-preview":"max-image-preview:large","max-video-preview":"max-video-preview:-1"},"canonical":"https:\/\/auga.nl\/technology\/fr\/cookie-policy\/","og_locale":"fr_FR","og_type":"article","og_title":"Politique en mati\u00e8re de cookies - AUGA Technology","og_description":"Politique en mati\u00e8re de cookies Auga B.V. Derni\u00e8re mise \u00e0 jour : 5 ao\u00fbt 2025 La pr\u00e9sente d\u00e9claration s&rsquo;applique \u00e0 l&rsquo;utilisation de cookies sur le site web auga.co.uk. Auga B.V., bas\u00e9 \u00e0 Hengelo (Gld) Pays-Bas, est responsable du traitement des donn\u00e9es personnelles tel que d\u00e9crit dans cette d\u00e9claration. Qu&rsquo;est-ce qu&rsquo;un biscuit ? Les cookies sont [&hellip;]","og_url":"https:\/\/auga.nl\/technology\/fr\/cookie-policy\/","og_site_name":"AUGA Technology","article_modified_time":"2025-09-25T13:11:30+00:00","twitter_card":"summary_large_image","twitter_misc":{"Dur\u00e9e de lecture estim\u00e9e":"3 minutes"},"schema":{"@context":"https:\/\/schema.org","@graph":[{"@type":"WebPage","@id":"https:\/\/auga.nl\/technology\/fr\/cookie-policy\/","url":"https:\/\/auga.nl\/technology\/fr\/cookie-policy\/","name":"Politique en mati\u00e8re de cookies - AUGA Technology","isPartOf":{"@id":"https:\/\/auga.nl\/technology\/fr\/#website"},"datePublished":"2025-09-03T08:47:07+00:00","dateModified":"2025-09-25T13:11:30+00:00","breadcrumb":{"@id":"https:\/\/auga.nl\/technology\/fr\/cookie-policy\/#breadcrumb"},"inLanguage":"fr-FR","potentialAction":[{"@type":"ReadAction","target":["https:\/\/auga.nl\/technology\/fr\/cookie-policy\/"]}]},{"@type":"BreadcrumbList","@id":"https:\/\/auga.nl\/technology\/fr\/cookie-policy\/#breadcrumb","itemListElement":[{"@type":"ListItem","position":1,"name":"Home","item":"https:\/\/auga.nl\/technology\/fr\/homepage\/"},{"@type":"ListItem","position":2,"name":"Politique en mati\u00e8re de cookies"}]},{"@type":"WebSite","@id":"https:\/\/auga.nl\/technology\/fr\/#website","url":"https:\/\/auga.nl\/technology\/fr\/","name":"AUGA Technology","description":"Herstel en optimalisatie van waterkwaliteit","publisher":{"@id":"https:\/\/auga.nl\/technology\/fr\/#organization"},"potentialAction":[{"@type":"SearchAction","target":{"@type":"EntryPoint","urlTemplate":"https:\/\/auga.nl\/technology\/fr\/?s={search_term_string}"},"query-input":{"@type":"PropertyValueSpecification","valueRequired":true,"valueName":"search_term_string"}}],"inLanguage":"fr-FR"},{"@type":"Organization","@id":"https:\/\/auga.nl\/technology\/fr\/#organization","name":"AUGA Technology","url":"https:\/\/auga.nl\/technology\/fr\/","logo":{"@type":"ImageObject","inLanguage":"fr-FR","@id":"https:\/\/auga.nl\/technology\/fr\/#\/schema\/logo\/image\/","url":"https:\/\/auga.nl\/technology\/wp-content\/uploads\/sites\/2\/2025\/03\/Logo.png","contentUrl":"https:\/\/auga.nl\/technology\/wp-content\/uploads\/sites\/2\/2025\/03\/Logo.png","width":1380,"height":654,"caption":"AUGA Technology"},"image":{"@id":"https:\/\/auga.nl\/technology\/fr\/#\/schema\/logo\/image\/"}}]}},"_links":{"self":[{"href":"https:\/\/auga.nl\/technology\/fr\/wp-json\/wp\/v2\/pages\/13387","targetHints":{"allow":["GET"]}}],"collection":[{"href":"https:\/\/auga.nl\/technology\/fr\/wp-json\/wp\/v2\/pages"}],"about":[{"href":"https:\/\/auga.nl\/technology\/fr\/wp-json\/wp\/v2\/types\/page"}],"author":[{"embeddable":true,"href":"https:\/\/auga.nl\/technology\/fr\/wp-json\/wp\/v2\/users\/1"}],"replies":[{"embeddable":true,"href":"https:\/\/auga.nl\/technology\/fr\/wp-json\/wp\/v2\/comments?post=13387"}],"version-history":[{"count":3,"href":"https:\/\/auga.nl\/technology\/fr\/wp-json\/wp\/v2\/pages\/13387\/revisions"}],"predecessor-version":[{"id":13564,"href":"https:\/\/auga.nl\/technology\/fr\/wp-json\/wp\/v2\/pages\/13387\/revisions\/13564"}],"wp:attachment":[{"href":"https:\/\/auga.nl\/technology\/fr\/wp-json\/wp\/v2\/media?parent=13387"}],"curies":[{"name":"wp","href":"https:\/\/api.w.org\/{rel}","templated":true}]}}